{"id":6332,"date":"2025-08-21T18:29:06","date_gmt":"2025-08-21T18:29:06","guid":{"rendered":"https:\/\/www.cristinaneves.pt\/product\/capuz-ori-top\/"},"modified":"2025-08-23T21:54:17","modified_gmt":"2025-08-23T21:54:17","slug":"capuz-origami","status":"publish","type":"product","link":"https:\/\/www.cristinaneves.pt\/pt-pt\/produto\/capuz-origami\/","title":{"rendered":"Capuz Origami"},"content":{"rendered":"","protected":false},"excerpt":{"rendered":"<p>Capuz em bico estruturado de algod\u00e3o, onde o tecido aprende a dobrar-se como papel. Cada dobra conta uma hist\u00f3ria: de p\u00e1ssaros tsurus de papel, templos secretos e magias silenciosas &#8211; um capuz de origami para aqueles que caminham entre mundos.<\/p>\n<p>Tamanho S\/M<\/p>\n","protected":false},"featured_media":6362,"comment_status":"closed","ping_status":"closed","template":"","meta":[],"product_brand":[],"product_cat":[63],"product_tag":[],"class_list":{"0":"post-6332","1":"product","2":"type-product","3":"status-publish","4":"has-post-thumbnail","6":"product_cat-kimonos-pt-pt","8":"first","9":"instock","10":"shipping-taxable","11":"purchasable","12":"product-type-simple"},"yoast_head":"<!-- This site is optimized with the Yoast SEO plugin v27.4 - https:\/\/yoast.com\/product\/yoast-seo-wordpress\/ -->\n<title>Capuz Origami - Cristina Neves<\/title>\n<meta name=\"robots\" content=\"index, follow, max-snippet:-1, max-image-preview:large, max-video-preview:-1\" \/>\n<link rel=\"canonical\" href=\"https:\/\/www.cristinaneves.pt\/pt-pt\/produto\/capuz-origami\/\" \/>\n<meta property=\"og:locale\" content=\"pt_PT\" \/>\n<meta property=\"og:type\" content=\"article\" \/>\n<meta property=\"og:title\" content=\"Capuz Origami - Cristina Neves\" \/>\n<meta property=\"og:description\" content=\"Capuz em bico estruturado de algod\u00e3o, onde o tecido aprende a dobrar-se como papel. Cada dobra conta uma hist\u00f3ria: de p\u00e1ssaros tsurus de papel, templos secretos e magias silenciosas - um capuz de origami para aqueles que caminham entre mundos.  Tamanho S\/M\" \/>\n<meta property=\"og:url\" content=\"https:\/\/www.cristinaneves.pt\/pt-pt\/produto\/capuz-origami\/\" \/>\n<meta property=\"og:site_name\" content=\"Cristina Neves\" \/>\n<meta property=\"article:modified_time\" content=\"2025-08-23T21:54:17+00:00\" \/>\n<meta property=\"og:image\" content=\"https:\/\/www.cristinaneves.pt\/wp-content\/uploads\/2025\/08\/20250822_160449.jpg\" \/>\n\t<meta property=\"og:image:width\" content=\"1200\" \/>\n\t<meta property=\"og:image:height\" content=\"1600\" \/>\n\t<meta property=\"og:image:type\" content=\"image\/jpeg\" \/>\n<meta name=\"twitter:card\" content=\"summary_large_image\" \/>\n<meta name=\"twitter:label1\" content=\"Tempo estimado de leitura\" \/>\n\t<meta name=\"twitter:data1\" content=\"1 minuto\" \/>\n<script type=\"application\/ld+json\" class=\"yoast-schema-graph\">{\"@context\":\"https:\\\/\\\/schema.org\",\"@graph\":[{\"@type\":\"WebPage\",\"@id\":\"https:\\\/\\\/www.cristinaneves.pt\\\/pt-pt\\\/produto\\\/capuz-origami\\\/\",\"url\":\"https:\\\/\\\/www.cristinaneves.pt\\\/pt-pt\\\/produto\\\/capuz-origami\\\/\",\"name\":\"Capuz Origami - Cristina Neves\",\"isPartOf\":{\"@id\":\"https:\\\/\\\/www.cristinaneves.pt\\\/#website\"},\"primaryImageOfPage\":{\"@id\":\"https:\\\/\\\/www.cristinaneves.pt\\\/pt-pt\\\/produto\\\/capuz-origami\\\/#primaryimage\"},\"image\":{\"@id\":\"https:\\\/\\\/www.cristinaneves.pt\\\/pt-pt\\\/produto\\\/capuz-origami\\\/#primaryimage\"},\"thumbnailUrl\":\"https:\\\/\\\/www.cristinaneves.pt\\\/wp-content\\\/uploads\\\/2025\\\/08\\\/20250822_160449.jpg\",\"datePublished\":\"2025-08-21T18:29:06+00:00\",\"dateModified\":\"2025-08-23T21:54:17+00:00\",\"breadcrumb\":{\"@id\":\"https:\\\/\\\/www.cristinaneves.pt\\\/pt-pt\\\/produto\\\/capuz-origami\\\/#breadcrumb\"},\"inLanguage\":\"pt-PT\",\"potentialAction\":[{\"@type\":\"ReadAction\",\"target\":[\"https:\\\/\\\/www.cristinaneves.pt\\\/pt-pt\\\/produto\\\/capuz-origami\\\/\"]}]},{\"@type\":\"ImageObject\",\"inLanguage\":\"pt-PT\",\"@id\":\"https:\\\/\\\/www.cristinaneves.pt\\\/pt-pt\\\/produto\\\/capuz-origami\\\/#primaryimage\",\"url\":\"https:\\\/\\\/www.cristinaneves.pt\\\/wp-content\\\/uploads\\\/2025\\\/08\\\/20250822_160449.jpg\",\"contentUrl\":\"https:\\\/\\\/www.cristinaneves.pt\\\/wp-content\\\/uploads\\\/2025\\\/08\\\/20250822_160449.jpg\",\"width\":1200,\"height\":1600},{\"@type\":\"BreadcrumbList\",\"@id\":\"https:\\\/\\\/www.cristinaneves.pt\\\/pt-pt\\\/produto\\\/capuz-origami\\\/#breadcrumb\",\"itemListElement\":[{\"@type\":\"ListItem\",\"position\":1,\"name\":\"Home\",\"item\":\"https:\\\/\\\/www.cristinaneves.pt\\\/pt-pt\\\/\"},{\"@type\":\"ListItem\",\"position\":2,\"name\":\"Loja\",\"item\":\"https:\\\/\\\/www.cristinaneves.pt\\\/pt-pt\\\/loja\\\/\"},{\"@type\":\"ListItem\",\"position\":3,\"name\":\"Capuz Origami\"}]},{\"@type\":\"WebSite\",\"@id\":\"https:\\\/\\\/www.cristinaneves.pt\\\/#website\",\"url\":\"https:\\\/\\\/www.cristinaneves.pt\\\/\",\"name\":\"Cristina Neves\",\"description\":\"Fashion, conceptual and plastic stories\",\"potentialAction\":[{\"@type\":\"SearchAction\",\"target\":{\"@type\":\"EntryPoint\",\"urlTemplate\":\"https:\\\/\\\/www.cristinaneves.pt\\\/?s={search_term_string}\"},\"query-input\":{\"@type\":\"PropertyValueSpecification\",\"valueRequired\":true,\"valueName\":\"search_term_string\"}}],\"inLanguage\":\"pt-PT\"}]}<\/script>\n<!-- \/ Yoast SEO plugin. -->","yoast_head_json":{"title":"Capuz Origami - Cristina Neves","robots":{"index":"index","follow":"follow","max-snippet":"max-snippet:-1","max-image-preview":"max-image-preview:large","max-video-preview":"max-video-preview:-1"},"canonical":"https:\/\/www.cristinaneves.pt\/pt-pt\/produto\/capuz-origami\/","og_locale":"pt_PT","og_type":"article","og_title":"Capuz Origami - Cristina Neves","og_description":"Capuz em bico estruturado de algod\u00e3o, onde o tecido aprende a dobrar-se como papel. Cada dobra conta uma hist\u00f3ria: de p\u00e1ssaros tsurus de papel, templos secretos e magias silenciosas - um capuz de origami para aqueles que caminham entre mundos.  Tamanho S\/M","og_url":"https:\/\/www.cristinaneves.pt\/pt-pt\/produto\/capuz-origami\/","og_site_name":"Cristina Neves","article_modified_time":"2025-08-23T21:54:17+00:00","og_image":[{"width":1200,"height":1600,"url":"https:\/\/www.cristinaneves.pt\/wp-content\/uploads\/2025\/08\/20250822_160449.jpg","type":"image\/jpeg"}],"twitter_card":"summary_large_image","twitter_misc":{"Tempo estimado de leitura":"1 minuto"},"schema":{"@context":"https:\/\/schema.org","@graph":[{"@type":"WebPage","@id":"https:\/\/www.cristinaneves.pt\/pt-pt\/produto\/capuz-origami\/","url":"https:\/\/www.cristinaneves.pt\/pt-pt\/produto\/capuz-origami\/","name":"Capuz Origami - Cristina Neves","isPartOf":{"@id":"https:\/\/www.cristinaneves.pt\/#website"},"primaryImageOfPage":{"@id":"https:\/\/www.cristinaneves.pt\/pt-pt\/produto\/capuz-origami\/#primaryimage"},"image":{"@id":"https:\/\/www.cristinaneves.pt\/pt-pt\/produto\/capuz-origami\/#primaryimage"},"thumbnailUrl":"https:\/\/www.cristinaneves.pt\/wp-content\/uploads\/2025\/08\/20250822_160449.jpg","datePublished":"2025-08-21T18:29:06+00:00","dateModified":"2025-08-23T21:54:17+00:00","breadcrumb":{"@id":"https:\/\/www.cristinaneves.pt\/pt-pt\/produto\/capuz-origami\/#breadcrumb"},"inLanguage":"pt-PT","potentialAction":[{"@type":"ReadAction","target":["https:\/\/www.cristinaneves.pt\/pt-pt\/produto\/capuz-origami\/"]}]},{"@type":"ImageObject","inLanguage":"pt-PT","@id":"https:\/\/www.cristinaneves.pt\/pt-pt\/produto\/capuz-origami\/#primaryimage","url":"https:\/\/www.cristinaneves.pt\/wp-content\/uploads\/2025\/08\/20250822_160449.jpg","contentUrl":"https:\/\/www.cristinaneves.pt\/wp-content\/uploads\/2025\/08\/20250822_160449.jpg","width":1200,"height":1600},{"@type":"BreadcrumbList","@id":"https:\/\/www.cristinaneves.pt\/pt-pt\/produto\/capuz-origami\/#breadcrumb","itemListElement":[{"@type":"ListItem","position":1,"name":"Home","item":"https:\/\/www.cristinaneves.pt\/pt-pt\/"},{"@type":"ListItem","position":2,"name":"Loja","item":"https:\/\/www.cristinaneves.pt\/pt-pt\/loja\/"},{"@type":"ListItem","position":3,"name":"Capuz Origami"}]},{"@type":"WebSite","@id":"https:\/\/www.cristinaneves.pt\/#website","url":"https:\/\/www.cristinaneves.pt\/","name":"Cristina Neves","description":"Fashion, conceptual and plastic stories","potentialAction":[{"@type":"SearchAction","target":{"@type":"EntryPoint","urlTemplate":"https:\/\/www.cristinaneves.pt\/?s={search_term_string}"},"query-input":{"@type":"PropertyValueSpecification","valueRequired":true,"valueName":"search_term_string"}}],"inLanguage":"pt-PT"}]}},"_links":{"self":[{"href":"https:\/\/www.cristinaneves.pt\/pt-pt\/wp-json\/wp\/v2\/product\/6332","targetHints":{"allow":["GET"]}}],"collection":[{"href":"https:\/\/www.cristinaneves.pt\/pt-pt\/wp-json\/wp\/v2\/product"}],"about":[{"href":"https:\/\/www.cristinaneves.pt\/pt-pt\/wp-json\/wp\/v2\/types\/product"}],"replies":[{"embeddable":true,"href":"https:\/\/www.cristinaneves.pt\/pt-pt\/wp-json\/wp\/v2\/comments?post=6332"}],"wp:featuredmedia":[{"embeddable":true,"href":"https:\/\/www.cristinaneves.pt\/pt-pt\/wp-json\/wp\/v2\/media\/6362"}],"wp:attachment":[{"href":"https:\/\/www.cristinaneves.pt\/pt-pt\/wp-json\/wp\/v2\/media?parent=6332"}],"wp:term":[{"taxonomy":"product_brand","embeddable":true,"href":"https:\/\/www.cristinaneves.pt\/pt-pt\/wp-json\/wp\/v2\/product_brand?post=6332"},{"taxonomy":"product_cat","embeddable":true,"href":"https:\/\/www.cristinaneves.pt\/pt-pt\/wp-json\/wp\/v2\/product_cat?post=6332"},{"taxonomy":"product_tag","embeddable":true,"href":"https:\/\/www.cristinaneves.pt\/pt-pt\/wp-json\/wp\/v2\/product_tag?post=6332"}],"curies":[{"name":"wp","href":"https:\/\/api.w.org\/{rel}","templated":true}]}}