{"id":1647,"date":"2018-12-02T19:50:17","date_gmt":"2018-12-02T19:50:17","guid":{"rendered":"http:\/\/www.cristinaneves.pt\/product\/rolling-tobacco-pouch\/"},"modified":"2025-08-16T16:22:49","modified_gmt":"2025-08-16T16:22:49","slug":"rolling-tobacco-pouch","status":"publish","type":"product","link":"https:\/\/www.cristinaneves.pt\/pt-pt\/produto\/rolling-tobacco-pouch\/","title":{"rendered":"Rolling Tobacco pouch"},"content":{"rendered":"","protected":false},"excerpt":{"rendered":"<p><span style=\"font-weight: 400;\">Bolsa em pele para tabaco de enrolar<\/span><\/p>\n<p><span style=\"font-weight: 400;\">Bolsa totalmente artesanal, feita com pele genu\u00edna. No interior tem um compartimento para mortalhas. Fecha com uma tira de pele que \u00e9 enrolada \u00e0 volta.<\/span><\/p>\n<p><span style=\"font-weight: 400;\">Medidas: A 9cm\/ C 16cm<\/span><\/p>\n","protected":false},"featured_media":6205,"comment_status":"closed","ping_status":"closed","template":"","meta":[],"product_brand":[],"product_cat":[50],"product_tag":[],"class_list":{"0":"post-1647","1":"product","2":"type-product","3":"status-publish","4":"has-post-thumbnail","6":"product_cat-malas-em-pele","8":"first","9":"instock","10":"shipping-taxable","11":"purchasable","12":"product-type-simple"},"yoast_head":"<!-- This site is optimized with the Yoast SEO plugin v27.4 - https:\/\/yoast.com\/product\/yoast-seo-wordpress\/ -->\n<title>Rolling Tobacco pouch - Cristina Neves<\/title>\n<meta name=\"robots\" content=\"index, follow, max-snippet:-1, max-image-preview:large, max-video-preview:-1\" \/>\n<link rel=\"canonical\" href=\"https:\/\/www.cristinaneves.pt\/pt-pt\/produto\/rolling-tobacco-pouch\/\" \/>\n<meta property=\"og:locale\" content=\"pt_PT\" \/>\n<meta property=\"og:type\" content=\"article\" \/>\n<meta property=\"og:title\" content=\"Rolling Tobacco pouch - Cristina Neves\" \/>\n<meta property=\"og:description\" content=\"Bolsa em pele para tabaco de enrolar  Bolsa totalmente artesanal, feita com pele genu\u00edna. No interior tem um compartimento para mortalhas. Fecha com uma tira de pele que \u00e9 enrolada \u00e0 volta.  Medidas: A 9cm\/ C 16cm\" \/>\n<meta property=\"og:url\" content=\"https:\/\/www.cristinaneves.pt\/pt-pt\/produto\/rolling-tobacco-pouch\/\" \/>\n<meta property=\"og:site_name\" content=\"Cristina Neves\" \/>\n<meta property=\"article:modified_time\" content=\"2025-08-16T16:22:49+00:00\" \/>\n<meta property=\"og:image\" content=\"https:\/\/www.cristinaneves.pt\/wp-content\/uploads\/2018\/12\/rolling-transp-3_4-819x1024.png\" \/>\n\t<meta property=\"og:image:width\" content=\"819\" \/>\n\t<meta property=\"og:image:height\" content=\"1024\" \/>\n\t<meta property=\"og:image:type\" content=\"image\/png\" \/>\n<meta name=\"twitter:card\" content=\"summary_large_image\" \/>\n<meta name=\"twitter:label1\" content=\"Tempo estimado de leitura\" \/>\n\t<meta name=\"twitter:data1\" content=\"1 minuto\" \/>\n<script type=\"application\/ld+json\" class=\"yoast-schema-graph\">{\"@context\":\"https:\\\/\\\/schema.org\",\"@graph\":[{\"@type\":\"WebPage\",\"@id\":\"https:\\\/\\\/www.cristinaneves.pt\\\/pt-pt\\\/produto\\\/rolling-tobacco-pouch\\\/\",\"url\":\"https:\\\/\\\/www.cristinaneves.pt\\\/pt-pt\\\/produto\\\/rolling-tobacco-pouch\\\/\",\"name\":\"Rolling Tobacco pouch - Cristina Neves\",\"isPartOf\":{\"@id\":\"https:\\\/\\\/www.cristinaneves.pt\\\/#website\"},\"primaryImageOfPage\":{\"@id\":\"https:\\\/\\\/www.cristinaneves.pt\\\/pt-pt\\\/produto\\\/rolling-tobacco-pouch\\\/#primaryimage\"},\"image\":{\"@id\":\"https:\\\/\\\/www.cristinaneves.pt\\\/pt-pt\\\/produto\\\/rolling-tobacco-pouch\\\/#primaryimage\"},\"thumbnailUrl\":\"https:\\\/\\\/www.cristinaneves.pt\\\/wp-content\\\/uploads\\\/2018\\\/12\\\/rolling-transp-3_4-scaled.png\",\"datePublished\":\"2018-12-02T19:50:17+00:00\",\"dateModified\":\"2025-08-16T16:22:49+00:00\",\"breadcrumb\":{\"@id\":\"https:\\\/\\\/www.cristinaneves.pt\\\/pt-pt\\\/produto\\\/rolling-tobacco-pouch\\\/#breadcrumb\"},\"inLanguage\":\"pt-PT\",\"potentialAction\":[{\"@type\":\"ReadAction\",\"target\":[\"https:\\\/\\\/www.cristinaneves.pt\\\/pt-pt\\\/produto\\\/rolling-tobacco-pouch\\\/\"]}]},{\"@type\":\"ImageObject\",\"inLanguage\":\"pt-PT\",\"@id\":\"https:\\\/\\\/www.cristinaneves.pt\\\/pt-pt\\\/produto\\\/rolling-tobacco-pouch\\\/#primaryimage\",\"url\":\"https:\\\/\\\/www.cristinaneves.pt\\\/wp-content\\\/uploads\\\/2018\\\/12\\\/rolling-transp-3_4-scaled.png\",\"contentUrl\":\"https:\\\/\\\/www.cristinaneves.pt\\\/wp-content\\\/uploads\\\/2018\\\/12\\\/rolling-transp-3_4-scaled.png\",\"width\":2047,\"height\":2560},{\"@type\":\"BreadcrumbList\",\"@id\":\"https:\\\/\\\/www.cristinaneves.pt\\\/pt-pt\\\/produto\\\/rolling-tobacco-pouch\\\/#breadcrumb\",\"itemListElement\":[{\"@type\":\"ListItem\",\"position\":1,\"name\":\"Home\",\"item\":\"https:\\\/\\\/www.cristinaneves.pt\\\/pt-pt\\\/\"},{\"@type\":\"ListItem\",\"position\":2,\"name\":\"Loja\",\"item\":\"https:\\\/\\\/www.cristinaneves.pt\\\/pt-pt\\\/loja\\\/\"},{\"@type\":\"ListItem\",\"position\":3,\"name\":\"Rolling Tobacco pouch\"}]},{\"@type\":\"WebSite\",\"@id\":\"https:\\\/\\\/www.cristinaneves.pt\\\/#website\",\"url\":\"https:\\\/\\\/www.cristinaneves.pt\\\/\",\"name\":\"Cristina Neves\",\"description\":\"Fashion, conceptual and plastic stories\",\"potentialAction\":[{\"@type\":\"SearchAction\",\"target\":{\"@type\":\"EntryPoint\",\"urlTemplate\":\"https:\\\/\\\/www.cristinaneves.pt\\\/?s={search_term_string}\"},\"query-input\":{\"@type\":\"PropertyValueSpecification\",\"valueRequired\":true,\"valueName\":\"search_term_string\"}}],\"inLanguage\":\"pt-PT\"}]}<\/script>\n<!-- \/ Yoast SEO plugin. -->","yoast_head_json":{"title":"Rolling Tobacco pouch - Cristina Neves","robots":{"index":"index","follow":"follow","max-snippet":"max-snippet:-1","max-image-preview":"max-image-preview:large","max-video-preview":"max-video-preview:-1"},"canonical":"https:\/\/www.cristinaneves.pt\/pt-pt\/produto\/rolling-tobacco-pouch\/","og_locale":"pt_PT","og_type":"article","og_title":"Rolling Tobacco pouch - Cristina Neves","og_description":"Bolsa em pele para tabaco de enrolar  Bolsa totalmente artesanal, feita com pele genu\u00edna. No interior tem um compartimento para mortalhas. Fecha com uma tira de pele que \u00e9 enrolada \u00e0 volta.  Medidas: A 9cm\/ C 16cm","og_url":"https:\/\/www.cristinaneves.pt\/pt-pt\/produto\/rolling-tobacco-pouch\/","og_site_name":"Cristina Neves","article_modified_time":"2025-08-16T16:22:49+00:00","og_image":[{"width":819,"height":1024,"url":"https:\/\/www.cristinaneves.pt\/wp-content\/uploads\/2018\/12\/rolling-transp-3_4-819x1024.png","type":"image\/png"}],"twitter_card":"summary_large_image","twitter_misc":{"Tempo estimado de leitura":"1 minuto"},"schema":{"@context":"https:\/\/schema.org","@graph":[{"@type":"WebPage","@id":"https:\/\/www.cristinaneves.pt\/pt-pt\/produto\/rolling-tobacco-pouch\/","url":"https:\/\/www.cristinaneves.pt\/pt-pt\/produto\/rolling-tobacco-pouch\/","name":"Rolling Tobacco pouch - Cristina Neves","isPartOf":{"@id":"https:\/\/www.cristinaneves.pt\/#website"},"primaryImageOfPage":{"@id":"https:\/\/www.cristinaneves.pt\/pt-pt\/produto\/rolling-tobacco-pouch\/#primaryimage"},"image":{"@id":"https:\/\/www.cristinaneves.pt\/pt-pt\/produto\/rolling-tobacco-pouch\/#primaryimage"},"thumbnailUrl":"https:\/\/www.cristinaneves.pt\/wp-content\/uploads\/2018\/12\/rolling-transp-3_4-scaled.png","datePublished":"2018-12-02T19:50:17+00:00","dateModified":"2025-08-16T16:22:49+00:00","breadcrumb":{"@id":"https:\/\/www.cristinaneves.pt\/pt-pt\/produto\/rolling-tobacco-pouch\/#breadcrumb"},"inLanguage":"pt-PT","potentialAction":[{"@type":"ReadAction","target":["https:\/\/www.cristinaneves.pt\/pt-pt\/produto\/rolling-tobacco-pouch\/"]}]},{"@type":"ImageObject","inLanguage":"pt-PT","@id":"https:\/\/www.cristinaneves.pt\/pt-pt\/produto\/rolling-tobacco-pouch\/#primaryimage","url":"https:\/\/www.cristinaneves.pt\/wp-content\/uploads\/2018\/12\/rolling-transp-3_4-scaled.png","contentUrl":"https:\/\/www.cristinaneves.pt\/wp-content\/uploads\/2018\/12\/rolling-transp-3_4-scaled.png","width":2047,"height":2560},{"@type":"BreadcrumbList","@id":"https:\/\/www.cristinaneves.pt\/pt-pt\/produto\/rolling-tobacco-pouch\/#breadcrumb","itemListElement":[{"@type":"ListItem","position":1,"name":"Home","item":"https:\/\/www.cristinaneves.pt\/pt-pt\/"},{"@type":"ListItem","position":2,"name":"Loja","item":"https:\/\/www.cristinaneves.pt\/pt-pt\/loja\/"},{"@type":"ListItem","position":3,"name":"Rolling Tobacco pouch"}]},{"@type":"WebSite","@id":"https:\/\/www.cristinaneves.pt\/#website","url":"https:\/\/www.cristinaneves.pt\/","name":"Cristina Neves","description":"Fashion, conceptual and plastic stories","potentialAction":[{"@type":"SearchAction","target":{"@type":"EntryPoint","urlTemplate":"https:\/\/www.cristinaneves.pt\/?s={search_term_string}"},"query-input":{"@type":"PropertyValueSpecification","valueRequired":true,"valueName":"search_term_string"}}],"inLanguage":"pt-PT"}]}},"_links":{"self":[{"href":"https:\/\/www.cristinaneves.pt\/pt-pt\/wp-json\/wp\/v2\/product\/1647","targetHints":{"allow":["GET"]}}],"collection":[{"href":"https:\/\/www.cristinaneves.pt\/pt-pt\/wp-json\/wp\/v2\/product"}],"about":[{"href":"https:\/\/www.cristinaneves.pt\/pt-pt\/wp-json\/wp\/v2\/types\/product"}],"replies":[{"embeddable":true,"href":"https:\/\/www.cristinaneves.pt\/pt-pt\/wp-json\/wp\/v2\/comments?post=1647"}],"wp:featuredmedia":[{"embeddable":true,"href":"https:\/\/www.cristinaneves.pt\/pt-pt\/wp-json\/wp\/v2\/media\/6205"}],"wp:attachment":[{"href":"https:\/\/www.cristinaneves.pt\/pt-pt\/wp-json\/wp\/v2\/media?parent=1647"}],"wp:term":[{"taxonomy":"product_brand","embeddable":true,"href":"https:\/\/www.cristinaneves.pt\/pt-pt\/wp-json\/wp\/v2\/product_brand?post=1647"},{"taxonomy":"product_cat","embeddable":true,"href":"https:\/\/www.cristinaneves.pt\/pt-pt\/wp-json\/wp\/v2\/product_cat?post=1647"},{"taxonomy":"product_tag","embeddable":true,"href":"https:\/\/www.cristinaneves.pt\/pt-pt\/wp-json\/wp\/v2\/product_tag?post=1647"}],"curies":[{"name":"wp","href":"https:\/\/api.w.org\/{rel}","templated":true}]}}