{"id":1599,"date":"2018-12-20T15:19:46","date_gmt":"2018-12-20T15:19:46","guid":{"rendered":"http:\/\/www.cristinaneves.pt\/product\/small-wallets\/"},"modified":"2025-08-12T22:39:19","modified_gmt":"2025-08-12T22:39:19","slug":"kimono-lua-cinzenta","status":"publish","type":"product","link":"https:\/\/www.cristinaneves.pt\/pt-pt\/produto\/kimono-lua-cinzenta\/","title":{"rendered":"Kimono Lua Cinzenta"},"content":{"rendered":"","protected":false},"excerpt":{"rendered":"<p>Este Kimono de ganga cinzenta \u00e9 totalmente artesanal, com uma forma flu\u00edda e arrojada.<\/p>\n<p>\u00c9 uma fus\u00e3o entre o loungewear e o streetwear.<\/p>\n<p>Tem costuras cruas e uma gola oversized.<\/p>\n<p>\u00c9 uma pe\u00e7a \u00fanica.<\/p>\n<p>Tamanho \u00fanico.<\/p>\n","protected":false},"featured_media":6045,"comment_status":"closed","ping_status":"closed","template":"","meta":[],"product_brand":[],"product_cat":[63],"product_tag":[],"class_list":{"0":"post-1599","1":"product","2":"type-product","3":"status-publish","4":"has-post-thumbnail","6":"product_cat-kimonos-pt-pt","8":"first","9":"instock","10":"shipping-taxable","11":"purchasable","12":"product-type-simple"},"yoast_head":"<!-- This site is optimized with the Yoast SEO plugin v27.4 - https:\/\/yoast.com\/product\/yoast-seo-wordpress\/ -->\n<title>Kimono Lua Cinzenta - Cristina Neves<\/title>\n<meta name=\"robots\" content=\"index, follow, max-snippet:-1, max-image-preview:large, max-video-preview:-1\" \/>\n<link rel=\"canonical\" href=\"https:\/\/www.cristinaneves.pt\/pt-pt\/produto\/kimono-lua-cinzenta\/\" \/>\n<meta property=\"og:locale\" content=\"pt_PT\" \/>\n<meta property=\"og:type\" content=\"article\" \/>\n<meta property=\"og:title\" content=\"Kimono Lua Cinzenta - Cristina Neves\" \/>\n<meta property=\"og:description\" content=\"Este Kimono de ganga cinzenta \u00e9 totalmente artesanal, com uma forma flu\u00edda e arrojada.  \u00c9 uma fus\u00e3o entre o loungewear e o streetwear.  Tem costuras cruas e uma gola oversized.  \u00c9 uma pe\u00e7a \u00fanica.  Tamanho \u00fanico.\" \/>\n<meta property=\"og:url\" content=\"https:\/\/www.cristinaneves.pt\/pt-pt\/produto\/kimono-lua-cinzenta\/\" \/>\n<meta property=\"og:site_name\" content=\"Cristina Neves\" \/>\n<meta property=\"article:modified_time\" content=\"2025-08-12T22:39:19+00:00\" \/>\n<meta property=\"og:image\" content=\"https:\/\/www.cristinaneves.pt\/wp-content\/uploads\/2018\/12\/img_0997.jpg\" \/>\n\t<meta property=\"og:image:width\" content=\"800\" \/>\n\t<meta property=\"og:image:height\" content=\"1067\" \/>\n\t<meta property=\"og:image:type\" content=\"image\/jpeg\" \/>\n<meta name=\"twitter:card\" content=\"summary_large_image\" \/>\n<meta name=\"twitter:label1\" content=\"Tempo estimado de leitura\" \/>\n\t<meta name=\"twitter:data1\" content=\"1 minuto\" \/>\n<script type=\"application\/ld+json\" class=\"yoast-schema-graph\">{\"@context\":\"https:\\\/\\\/schema.org\",\"@graph\":[{\"@type\":\"WebPage\",\"@id\":\"https:\\\/\\\/www.cristinaneves.pt\\\/pt-pt\\\/produto\\\/kimono-lua-cinzenta\\\/\",\"url\":\"https:\\\/\\\/www.cristinaneves.pt\\\/pt-pt\\\/produto\\\/kimono-lua-cinzenta\\\/\",\"name\":\"Kimono Lua Cinzenta - Cristina Neves\",\"isPartOf\":{\"@id\":\"https:\\\/\\\/www.cristinaneves.pt\\\/#website\"},\"primaryImageOfPage\":{\"@id\":\"https:\\\/\\\/www.cristinaneves.pt\\\/pt-pt\\\/produto\\\/kimono-lua-cinzenta\\\/#primaryimage\"},\"image\":{\"@id\":\"https:\\\/\\\/www.cristinaneves.pt\\\/pt-pt\\\/produto\\\/kimono-lua-cinzenta\\\/#primaryimage\"},\"thumbnailUrl\":\"https:\\\/\\\/www.cristinaneves.pt\\\/wp-content\\\/uploads\\\/2018\\\/12\\\/img_0997.jpg\",\"datePublished\":\"2018-12-20T15:19:46+00:00\",\"dateModified\":\"2025-08-12T22:39:19+00:00\",\"breadcrumb\":{\"@id\":\"https:\\\/\\\/www.cristinaneves.pt\\\/pt-pt\\\/produto\\\/kimono-lua-cinzenta\\\/#breadcrumb\"},\"inLanguage\":\"pt-PT\",\"potentialAction\":[{\"@type\":\"ReadAction\",\"target\":[\"https:\\\/\\\/www.cristinaneves.pt\\\/pt-pt\\\/produto\\\/kimono-lua-cinzenta\\\/\"]}]},{\"@type\":\"ImageObject\",\"inLanguage\":\"pt-PT\",\"@id\":\"https:\\\/\\\/www.cristinaneves.pt\\\/pt-pt\\\/produto\\\/kimono-lua-cinzenta\\\/#primaryimage\",\"url\":\"https:\\\/\\\/www.cristinaneves.pt\\\/wp-content\\\/uploads\\\/2018\\\/12\\\/img_0997.jpg\",\"contentUrl\":\"https:\\\/\\\/www.cristinaneves.pt\\\/wp-content\\\/uploads\\\/2018\\\/12\\\/img_0997.jpg\",\"width\":800,\"height\":1067},{\"@type\":\"BreadcrumbList\",\"@id\":\"https:\\\/\\\/www.cristinaneves.pt\\\/pt-pt\\\/produto\\\/kimono-lua-cinzenta\\\/#breadcrumb\",\"itemListElement\":[{\"@type\":\"ListItem\",\"position\":1,\"name\":\"Home\",\"item\":\"https:\\\/\\\/www.cristinaneves.pt\\\/pt-pt\\\/\"},{\"@type\":\"ListItem\",\"position\":2,\"name\":\"Loja\",\"item\":\"https:\\\/\\\/www.cristinaneves.pt\\\/pt-pt\\\/loja\\\/\"},{\"@type\":\"ListItem\",\"position\":3,\"name\":\"Kimono Lua Cinzenta\"}]},{\"@type\":\"WebSite\",\"@id\":\"https:\\\/\\\/www.cristinaneves.pt\\\/#website\",\"url\":\"https:\\\/\\\/www.cristinaneves.pt\\\/\",\"name\":\"Cristina Neves\",\"description\":\"Fashion, conceptual and plastic stories\",\"potentialAction\":[{\"@type\":\"SearchAction\",\"target\":{\"@type\":\"EntryPoint\",\"urlTemplate\":\"https:\\\/\\\/www.cristinaneves.pt\\\/?s={search_term_string}\"},\"query-input\":{\"@type\":\"PropertyValueSpecification\",\"valueRequired\":true,\"valueName\":\"search_term_string\"}}],\"inLanguage\":\"pt-PT\"}]}<\/script>\n<!-- \/ Yoast SEO plugin. -->","yoast_head_json":{"title":"Kimono Lua Cinzenta - Cristina Neves","robots":{"index":"index","follow":"follow","max-snippet":"max-snippet:-1","max-image-preview":"max-image-preview:large","max-video-preview":"max-video-preview:-1"},"canonical":"https:\/\/www.cristinaneves.pt\/pt-pt\/produto\/kimono-lua-cinzenta\/","og_locale":"pt_PT","og_type":"article","og_title":"Kimono Lua Cinzenta - Cristina Neves","og_description":"Este Kimono de ganga cinzenta \u00e9 totalmente artesanal, com uma forma flu\u00edda e arrojada.  \u00c9 uma fus\u00e3o entre o loungewear e o streetwear.  Tem costuras cruas e uma gola oversized.  \u00c9 uma pe\u00e7a \u00fanica.  Tamanho \u00fanico.","og_url":"https:\/\/www.cristinaneves.pt\/pt-pt\/produto\/kimono-lua-cinzenta\/","og_site_name":"Cristina Neves","article_modified_time":"2025-08-12T22:39:19+00:00","og_image":[{"width":800,"height":1067,"url":"https:\/\/www.cristinaneves.pt\/wp-content\/uploads\/2018\/12\/img_0997.jpg","type":"image\/jpeg"}],"twitter_card":"summary_large_image","twitter_misc":{"Tempo estimado de leitura":"1 minuto"},"schema":{"@context":"https:\/\/schema.org","@graph":[{"@type":"WebPage","@id":"https:\/\/www.cristinaneves.pt\/pt-pt\/produto\/kimono-lua-cinzenta\/","url":"https:\/\/www.cristinaneves.pt\/pt-pt\/produto\/kimono-lua-cinzenta\/","name":"Kimono Lua Cinzenta - Cristina Neves","isPartOf":{"@id":"https:\/\/www.cristinaneves.pt\/#website"},"primaryImageOfPage":{"@id":"https:\/\/www.cristinaneves.pt\/pt-pt\/produto\/kimono-lua-cinzenta\/#primaryimage"},"image":{"@id":"https:\/\/www.cristinaneves.pt\/pt-pt\/produto\/kimono-lua-cinzenta\/#primaryimage"},"thumbnailUrl":"https:\/\/www.cristinaneves.pt\/wp-content\/uploads\/2018\/12\/img_0997.jpg","datePublished":"2018-12-20T15:19:46+00:00","dateModified":"2025-08-12T22:39:19+00:00","breadcrumb":{"@id":"https:\/\/www.cristinaneves.pt\/pt-pt\/produto\/kimono-lua-cinzenta\/#breadcrumb"},"inLanguage":"pt-PT","potentialAction":[{"@type":"ReadAction","target":["https:\/\/www.cristinaneves.pt\/pt-pt\/produto\/kimono-lua-cinzenta\/"]}]},{"@type":"ImageObject","inLanguage":"pt-PT","@id":"https:\/\/www.cristinaneves.pt\/pt-pt\/produto\/kimono-lua-cinzenta\/#primaryimage","url":"https:\/\/www.cristinaneves.pt\/wp-content\/uploads\/2018\/12\/img_0997.jpg","contentUrl":"https:\/\/www.cristinaneves.pt\/wp-content\/uploads\/2018\/12\/img_0997.jpg","width":800,"height":1067},{"@type":"BreadcrumbList","@id":"https:\/\/www.cristinaneves.pt\/pt-pt\/produto\/kimono-lua-cinzenta\/#breadcrumb","itemListElement":[{"@type":"ListItem","position":1,"name":"Home","item":"https:\/\/www.cristinaneves.pt\/pt-pt\/"},{"@type":"ListItem","position":2,"name":"Loja","item":"https:\/\/www.cristinaneves.pt\/pt-pt\/loja\/"},{"@type":"ListItem","position":3,"name":"Kimono Lua Cinzenta"}]},{"@type":"WebSite","@id":"https:\/\/www.cristinaneves.pt\/#website","url":"https:\/\/www.cristinaneves.pt\/","name":"Cristina Neves","description":"Fashion, conceptual and plastic stories","potentialAction":[{"@type":"SearchAction","target":{"@type":"EntryPoint","urlTemplate":"https:\/\/www.cristinaneves.pt\/?s={search_term_string}"},"query-input":{"@type":"PropertyValueSpecification","valueRequired":true,"valueName":"search_term_string"}}],"inLanguage":"pt-PT"}]}},"_links":{"self":[{"href":"https:\/\/www.cristinaneves.pt\/pt-pt\/wp-json\/wp\/v2\/product\/1599","targetHints":{"allow":["GET"]}}],"collection":[{"href":"https:\/\/www.cristinaneves.pt\/pt-pt\/wp-json\/wp\/v2\/product"}],"about":[{"href":"https:\/\/www.cristinaneves.pt\/pt-pt\/wp-json\/wp\/v2\/types\/product"}],"replies":[{"embeddable":true,"href":"https:\/\/www.cristinaneves.pt\/pt-pt\/wp-json\/wp\/v2\/comments?post=1599"}],"wp:featuredmedia":[{"embeddable":true,"href":"https:\/\/www.cristinaneves.pt\/pt-pt\/wp-json\/wp\/v2\/media\/6045"}],"wp:attachment":[{"href":"https:\/\/www.cristinaneves.pt\/pt-pt\/wp-json\/wp\/v2\/media?parent=1599"}],"wp:term":[{"taxonomy":"product_brand","embeddable":true,"href":"https:\/\/www.cristinaneves.pt\/pt-pt\/wp-json\/wp\/v2\/product_brand?post=1599"},{"taxonomy":"product_cat","embeddable":true,"href":"https:\/\/www.cristinaneves.pt\/pt-pt\/wp-json\/wp\/v2\/product_cat?post=1599"},{"taxonomy":"product_tag","embeddable":true,"href":"https:\/\/www.cristinaneves.pt\/pt-pt\/wp-json\/wp\/v2\/product_tag?post=1599"}],"curies":[{"name":"wp","href":"https:\/\/api.w.org\/{rel}","templated":true}]}}