{"id":1483,"date":"2018-12-27T22:23:34","date_gmt":"2018-12-27T22:23:34","guid":{"rendered":"http:\/\/www.cristinaneves.pt\/product\/snake-bracelets\/"},"modified":"2025-08-12T23:38:14","modified_gmt":"2025-08-12T23:38:14","slug":"kimono-cinzento-cru","status":"publish","type":"product","link":"https:\/\/www.cristinaneves.pt\/pt-pt\/produto\/kimono-cinzento-cru\/","title":{"rendered":"Kimono Cinzento Cru"},"content":{"rendered":"","protected":false},"excerpt":{"rendered":"<p>Este Kimono cinzento de algod\u00e3o conta uma hist\u00f3ria nas suas costas.<\/p>\n<p>Ele tem uma fotografia estampada de um dia de nevoeiro silencioso.<\/p>\n<p>\u00c9 leve e totalmente artesanal.<\/p>\n<p>\u00c9 uma pe\u00e7a \u00fanica.<\/p>\n<p>Tamanho \u00fanico.<\/p>\n","protected":false},"featured_media":6082,"comment_status":"closed","ping_status":"closed","template":"","meta":[],"product_brand":[],"product_cat":[63],"product_tag":[],"class_list":{"0":"post-1483","1":"product","2":"type-product","3":"status-publish","4":"has-post-thumbnail","6":"product_cat-kimonos-pt-pt","8":"first","9":"instock","10":"shipping-taxable","11":"purchasable","12":"product-type-simple"},"yoast_head":"<!-- This site is optimized with the Yoast SEO plugin v27.4 - https:\/\/yoast.com\/product\/yoast-seo-wordpress\/ -->\n<title>Kimono Cinzento Cru - Cristina Neves<\/title>\n<meta name=\"robots\" content=\"index, follow, max-snippet:-1, max-image-preview:large, max-video-preview:-1\" \/>\n<link rel=\"canonical\" href=\"https:\/\/www.cristinaneves.pt\/pt-pt\/produto\/kimono-cinzento-cru\/\" \/>\n<meta property=\"og:locale\" content=\"pt_PT\" \/>\n<meta property=\"og:type\" content=\"article\" \/>\n<meta property=\"og:title\" content=\"Kimono Cinzento Cru - Cristina Neves\" \/>\n<meta property=\"og:description\" content=\"Este Kimono cinzento de algod\u00e3o conta uma hist\u00f3ria nas suas costas.  Ele tem uma fotografia estampada de um dia de nevoeiro silencioso.  \u00c9 leve e totalmente artesanal.  \u00c9 uma pe\u00e7a \u00fanica.  Tamanho \u00fanico.\" \/>\n<meta property=\"og:url\" content=\"https:\/\/www.cristinaneves.pt\/pt-pt\/produto\/kimono-cinzento-cru\/\" \/>\n<meta property=\"og:site_name\" content=\"Cristina Neves\" \/>\n<meta property=\"article:modified_time\" content=\"2025-08-12T23:38:14+00:00\" \/>\n<meta property=\"og:image\" content=\"https:\/\/www.cristinaneves.pt\/wp-content\/uploads\/2018\/12\/img_1177-scaled.jpg\" \/>\n\t<meta property=\"og:image:width\" content=\"1920\" \/>\n\t<meta property=\"og:image:height\" content=\"2560\" \/>\n\t<meta property=\"og:image:type\" content=\"image\/jpeg\" \/>\n<meta name=\"twitter:card\" content=\"summary_large_image\" \/>\n<meta name=\"twitter:label1\" content=\"Tempo estimado de leitura\" \/>\n\t<meta name=\"twitter:data1\" content=\"1 minuto\" \/>\n<script type=\"application\/ld+json\" class=\"yoast-schema-graph\">{\"@context\":\"https:\\\/\\\/schema.org\",\"@graph\":[{\"@type\":\"WebPage\",\"@id\":\"https:\\\/\\\/www.cristinaneves.pt\\\/pt-pt\\\/produto\\\/kimono-cinzento-cru\\\/\",\"url\":\"https:\\\/\\\/www.cristinaneves.pt\\\/pt-pt\\\/produto\\\/kimono-cinzento-cru\\\/\",\"name\":\"Kimono Cinzento Cru - Cristina Neves\",\"isPartOf\":{\"@id\":\"https:\\\/\\\/www.cristinaneves.pt\\\/#website\"},\"primaryImageOfPage\":{\"@id\":\"https:\\\/\\\/www.cristinaneves.pt\\\/pt-pt\\\/produto\\\/kimono-cinzento-cru\\\/#primaryimage\"},\"image\":{\"@id\":\"https:\\\/\\\/www.cristinaneves.pt\\\/pt-pt\\\/produto\\\/kimono-cinzento-cru\\\/#primaryimage\"},\"thumbnailUrl\":\"https:\\\/\\\/www.cristinaneves.pt\\\/wp-content\\\/uploads\\\/2018\\\/12\\\/img_1177-1.jpg\",\"datePublished\":\"2018-12-27T22:23:34+00:00\",\"dateModified\":\"2025-08-12T23:38:14+00:00\",\"breadcrumb\":{\"@id\":\"https:\\\/\\\/www.cristinaneves.pt\\\/pt-pt\\\/produto\\\/kimono-cinzento-cru\\\/#breadcrumb\"},\"inLanguage\":\"pt-PT\",\"potentialAction\":[{\"@type\":\"ReadAction\",\"target\":[\"https:\\\/\\\/www.cristinaneves.pt\\\/pt-pt\\\/produto\\\/kimono-cinzento-cru\\\/\"]}]},{\"@type\":\"ImageObject\",\"inLanguage\":\"pt-PT\",\"@id\":\"https:\\\/\\\/www.cristinaneves.pt\\\/pt-pt\\\/produto\\\/kimono-cinzento-cru\\\/#primaryimage\",\"url\":\"https:\\\/\\\/www.cristinaneves.pt\\\/wp-content\\\/uploads\\\/2018\\\/12\\\/img_1177-1.jpg\",\"contentUrl\":\"https:\\\/\\\/www.cristinaneves.pt\\\/wp-content\\\/uploads\\\/2018\\\/12\\\/img_1177-1.jpg\",\"width\":800,\"height\":1067},{\"@type\":\"BreadcrumbList\",\"@id\":\"https:\\\/\\\/www.cristinaneves.pt\\\/pt-pt\\\/produto\\\/kimono-cinzento-cru\\\/#breadcrumb\",\"itemListElement\":[{\"@type\":\"ListItem\",\"position\":1,\"name\":\"Home\",\"item\":\"https:\\\/\\\/www.cristinaneves.pt\\\/pt-pt\\\/\"},{\"@type\":\"ListItem\",\"position\":2,\"name\":\"Loja\",\"item\":\"https:\\\/\\\/www.cristinaneves.pt\\\/pt-pt\\\/loja\\\/\"},{\"@type\":\"ListItem\",\"position\":3,\"name\":\"Kimono Cinzento Cru\"}]},{\"@type\":\"WebSite\",\"@id\":\"https:\\\/\\\/www.cristinaneves.pt\\\/#website\",\"url\":\"https:\\\/\\\/www.cristinaneves.pt\\\/\",\"name\":\"Cristina Neves\",\"description\":\"Fashion, conceptual and plastic stories\",\"potentialAction\":[{\"@type\":\"SearchAction\",\"target\":{\"@type\":\"EntryPoint\",\"urlTemplate\":\"https:\\\/\\\/www.cristinaneves.pt\\\/?s={search_term_string}\"},\"query-input\":{\"@type\":\"PropertyValueSpecification\",\"valueRequired\":true,\"valueName\":\"search_term_string\"}}],\"inLanguage\":\"pt-PT\"}]}<\/script>\n<!-- \/ Yoast SEO plugin. -->","yoast_head_json":{"title":"Kimono Cinzento Cru - Cristina Neves","robots":{"index":"index","follow":"follow","max-snippet":"max-snippet:-1","max-image-preview":"max-image-preview:large","max-video-preview":"max-video-preview:-1"},"canonical":"https:\/\/www.cristinaneves.pt\/pt-pt\/produto\/kimono-cinzento-cru\/","og_locale":"pt_PT","og_type":"article","og_title":"Kimono Cinzento Cru - Cristina Neves","og_description":"Este Kimono cinzento de algod\u00e3o conta uma hist\u00f3ria nas suas costas.  Ele tem uma fotografia estampada de um dia de nevoeiro silencioso.  \u00c9 leve e totalmente artesanal.  \u00c9 uma pe\u00e7a \u00fanica.  Tamanho \u00fanico.","og_url":"https:\/\/www.cristinaneves.pt\/pt-pt\/produto\/kimono-cinzento-cru\/","og_site_name":"Cristina Neves","article_modified_time":"2025-08-12T23:38:14+00:00","og_image":[{"width":1920,"height":2560,"url":"https:\/\/www.cristinaneves.pt\/wp-content\/uploads\/2018\/12\/img_1177-scaled.jpg","type":"image\/jpeg"}],"twitter_card":"summary_large_image","twitter_misc":{"Tempo estimado de leitura":"1 minuto"},"schema":{"@context":"https:\/\/schema.org","@graph":[{"@type":"WebPage","@id":"https:\/\/www.cristinaneves.pt\/pt-pt\/produto\/kimono-cinzento-cru\/","url":"https:\/\/www.cristinaneves.pt\/pt-pt\/produto\/kimono-cinzento-cru\/","name":"Kimono Cinzento Cru - Cristina Neves","isPartOf":{"@id":"https:\/\/www.cristinaneves.pt\/#website"},"primaryImageOfPage":{"@id":"https:\/\/www.cristinaneves.pt\/pt-pt\/produto\/kimono-cinzento-cru\/#primaryimage"},"image":{"@id":"https:\/\/www.cristinaneves.pt\/pt-pt\/produto\/kimono-cinzento-cru\/#primaryimage"},"thumbnailUrl":"https:\/\/www.cristinaneves.pt\/wp-content\/uploads\/2018\/12\/img_1177-1.jpg","datePublished":"2018-12-27T22:23:34+00:00","dateModified":"2025-08-12T23:38:14+00:00","breadcrumb":{"@id":"https:\/\/www.cristinaneves.pt\/pt-pt\/produto\/kimono-cinzento-cru\/#breadcrumb"},"inLanguage":"pt-PT","potentialAction":[{"@type":"ReadAction","target":["https:\/\/www.cristinaneves.pt\/pt-pt\/produto\/kimono-cinzento-cru\/"]}]},{"@type":"ImageObject","inLanguage":"pt-PT","@id":"https:\/\/www.cristinaneves.pt\/pt-pt\/produto\/kimono-cinzento-cru\/#primaryimage","url":"https:\/\/www.cristinaneves.pt\/wp-content\/uploads\/2018\/12\/img_1177-1.jpg","contentUrl":"https:\/\/www.cristinaneves.pt\/wp-content\/uploads\/2018\/12\/img_1177-1.jpg","width":800,"height":1067},{"@type":"BreadcrumbList","@id":"https:\/\/www.cristinaneves.pt\/pt-pt\/produto\/kimono-cinzento-cru\/#breadcrumb","itemListElement":[{"@type":"ListItem","position":1,"name":"Home","item":"https:\/\/www.cristinaneves.pt\/pt-pt\/"},{"@type":"ListItem","position":2,"name":"Loja","item":"https:\/\/www.cristinaneves.pt\/pt-pt\/loja\/"},{"@type":"ListItem","position":3,"name":"Kimono Cinzento Cru"}]},{"@type":"WebSite","@id":"https:\/\/www.cristinaneves.pt\/#website","url":"https:\/\/www.cristinaneves.pt\/","name":"Cristina Neves","description":"Fashion, conceptual and plastic stories","potentialAction":[{"@type":"SearchAction","target":{"@type":"EntryPoint","urlTemplate":"https:\/\/www.cristinaneves.pt\/?s={search_term_string}"},"query-input":{"@type":"PropertyValueSpecification","valueRequired":true,"valueName":"search_term_string"}}],"inLanguage":"pt-PT"}]}},"_links":{"self":[{"href":"https:\/\/www.cristinaneves.pt\/pt-pt\/wp-json\/wp\/v2\/product\/1483","targetHints":{"allow":["GET"]}}],"collection":[{"href":"https:\/\/www.cristinaneves.pt\/pt-pt\/wp-json\/wp\/v2\/product"}],"about":[{"href":"https:\/\/www.cristinaneves.pt\/pt-pt\/wp-json\/wp\/v2\/types\/product"}],"replies":[{"embeddable":true,"href":"https:\/\/www.cristinaneves.pt\/pt-pt\/wp-json\/wp\/v2\/comments?post=1483"}],"wp:featuredmedia":[{"embeddable":true,"href":"https:\/\/www.cristinaneves.pt\/pt-pt\/wp-json\/wp\/v2\/media\/6082"}],"wp:attachment":[{"href":"https:\/\/www.cristinaneves.pt\/pt-pt\/wp-json\/wp\/v2\/media?parent=1483"}],"wp:term":[{"taxonomy":"product_brand","embeddable":true,"href":"https:\/\/www.cristinaneves.pt\/pt-pt\/wp-json\/wp\/v2\/product_brand?post=1483"},{"taxonomy":"product_cat","embeddable":true,"href":"https:\/\/www.cristinaneves.pt\/pt-pt\/wp-json\/wp\/v2\/product_cat?post=1483"},{"taxonomy":"product_tag","embeddable":true,"href":"https:\/\/www.cristinaneves.pt\/pt-pt\/wp-json\/wp\/v2\/product_tag?post=1483"}],"curies":[{"name":"wp","href":"https:\/\/api.w.org\/{rel}","templated":true}]}}