{"id":1467,"date":"2018-12-27T23:07:46","date_gmt":"2018-12-27T23:07:46","guid":{"rendered":"http:\/\/www.cristinaneves.pt\/product\/mad-about-croc\/"},"modified":"2025-08-13T14:40:53","modified_gmt":"2025-08-13T14:40:53","slug":"kimono-geometrico-branco","status":"publish","type":"product","link":"https:\/\/www.cristinaneves.pt\/pt-pt\/produto\/kimono-geometrico-branco\/","title":{"rendered":"Kimono Geom\u00e9trico Branco"},"content":{"rendered":"","protected":false},"excerpt":{"rendered":"<p>Este Kimono branco inspirou-se no cora\u00e7\u00e3o do origami.<\/p>\n<p>Ele surge numa geometria silenciosa, tornando-se uma pe\u00e7a arquitet\u00f3nica.<\/p>\n<p>Este Kimono ao ser produzido foi tamb\u00e9m uma medita\u00e7\u00e3o, devido \u00e0s suas dobragens de tecido nas costas, inspiradas na geometria infinita do origami.<\/p>\n<p>Tem mangas tradicionais japonesas.<\/p>\n<p>\u00c9 totalmente artesanal.<\/p>\n<p>\u00c9 uma pe\u00e7a \u00fanica.<\/p>\n<p>Tamanho \u00fanico.<\/p>\n","protected":false},"featured_media":6092,"comment_status":"closed","ping_status":"closed","template":"","meta":[],"product_brand":[],"product_cat":[63],"product_tag":[],"class_list":{"0":"post-1467","1":"product","2":"type-product","3":"status-publish","4":"has-post-thumbnail","6":"product_cat-kimonos-pt-pt","8":"first","9":"instock","10":"shipping-taxable","11":"purchasable","12":"product-type-simple"},"yoast_head":"<!-- This site is optimized with the Yoast SEO plugin v27.4 - https:\/\/yoast.com\/product\/yoast-seo-wordpress\/ -->\n<title>Kimono Geom\u00e9trico Branco - Cristina Neves<\/title>\n<meta name=\"robots\" content=\"index, follow, max-snippet:-1, max-image-preview:large, max-video-preview:-1\" \/>\n<link rel=\"canonical\" href=\"https:\/\/www.cristinaneves.pt\/pt-pt\/produto\/kimono-geometrico-branco\/\" \/>\n<meta property=\"og:locale\" content=\"pt_PT\" \/>\n<meta property=\"og:type\" content=\"article\" \/>\n<meta property=\"og:title\" content=\"Kimono Geom\u00e9trico Branco - Cristina Neves\" \/>\n<meta property=\"og:description\" content=\"Este Kimono branco inspirou-se no cora\u00e7\u00e3o do origami.  Ele surge numa geometria silenciosa, tornando-se uma pe\u00e7a arquitet\u00f3nica.  Este Kimono ao ser produzido foi tamb\u00e9m uma medita\u00e7\u00e3o, devido \u00e0s suas dobragens de tecido nas costas, inspiradas na geometria infinita do origami.  Tem mangas tradicionais japonesas.  \u00c9 totalmente artesanal.  \u00c9 uma pe\u00e7a \u00fanica.  Tamanho \u00fanico.\" \/>\n<meta property=\"og:url\" content=\"https:\/\/www.cristinaneves.pt\/pt-pt\/produto\/kimono-geometrico-branco\/\" \/>\n<meta property=\"og:site_name\" content=\"Cristina Neves\" \/>\n<meta property=\"article:modified_time\" content=\"2025-08-13T14:40:53+00:00\" \/>\n<meta property=\"og:image\" content=\"https:\/\/www.cristinaneves.pt\/wp-content\/uploads\/2018\/12\/20250530_133215a.jpg\" \/>\n\t<meta property=\"og:image:width\" content=\"800\" \/>\n\t<meta property=\"og:image:height\" content=\"998\" \/>\n\t<meta property=\"og:image:type\" content=\"image\/jpeg\" \/>\n<meta name=\"twitter:card\" content=\"summary_large_image\" \/>\n<meta name=\"twitter:label1\" content=\"Tempo estimado de leitura\" \/>\n\t<meta name=\"twitter:data1\" content=\"1 minuto\" \/>\n<script type=\"application\/ld+json\" class=\"yoast-schema-graph\">{\"@context\":\"https:\\\/\\\/schema.org\",\"@graph\":[{\"@type\":\"WebPage\",\"@id\":\"https:\\\/\\\/www.cristinaneves.pt\\\/pt-pt\\\/produto\\\/kimono-geometrico-branco\\\/\",\"url\":\"https:\\\/\\\/www.cristinaneves.pt\\\/pt-pt\\\/produto\\\/kimono-geometrico-branco\\\/\",\"name\":\"Kimono Geom\u00e9trico Branco - Cristina Neves\",\"isPartOf\":{\"@id\":\"https:\\\/\\\/www.cristinaneves.pt\\\/#website\"},\"primaryImageOfPage\":{\"@id\":\"https:\\\/\\\/www.cristinaneves.pt\\\/pt-pt\\\/produto\\\/kimono-geometrico-branco\\\/#primaryimage\"},\"image\":{\"@id\":\"https:\\\/\\\/www.cristinaneves.pt\\\/pt-pt\\\/produto\\\/kimono-geometrico-branco\\\/#primaryimage\"},\"thumbnailUrl\":\"https:\\\/\\\/www.cristinaneves.pt\\\/wp-content\\\/uploads\\\/2018\\\/12\\\/20250530_133215a.jpg\",\"datePublished\":\"2018-12-27T23:07:46+00:00\",\"dateModified\":\"2025-08-13T14:40:53+00:00\",\"breadcrumb\":{\"@id\":\"https:\\\/\\\/www.cristinaneves.pt\\\/pt-pt\\\/produto\\\/kimono-geometrico-branco\\\/#breadcrumb\"},\"inLanguage\":\"pt-PT\",\"potentialAction\":[{\"@type\":\"ReadAction\",\"target\":[\"https:\\\/\\\/www.cristinaneves.pt\\\/pt-pt\\\/produto\\\/kimono-geometrico-branco\\\/\"]}]},{\"@type\":\"ImageObject\",\"inLanguage\":\"pt-PT\",\"@id\":\"https:\\\/\\\/www.cristinaneves.pt\\\/pt-pt\\\/produto\\\/kimono-geometrico-branco\\\/#primaryimage\",\"url\":\"https:\\\/\\\/www.cristinaneves.pt\\\/wp-content\\\/uploads\\\/2018\\\/12\\\/20250530_133215a.jpg\",\"contentUrl\":\"https:\\\/\\\/www.cristinaneves.pt\\\/wp-content\\\/uploads\\\/2018\\\/12\\\/20250530_133215a.jpg\",\"width\":800,\"height\":998},{\"@type\":\"BreadcrumbList\",\"@id\":\"https:\\\/\\\/www.cristinaneves.pt\\\/pt-pt\\\/produto\\\/kimono-geometrico-branco\\\/#breadcrumb\",\"itemListElement\":[{\"@type\":\"ListItem\",\"position\":1,\"name\":\"Home\",\"item\":\"https:\\\/\\\/www.cristinaneves.pt\\\/pt-pt\\\/\"},{\"@type\":\"ListItem\",\"position\":2,\"name\":\"Loja\",\"item\":\"https:\\\/\\\/www.cristinaneves.pt\\\/pt-pt\\\/loja\\\/\"},{\"@type\":\"ListItem\",\"position\":3,\"name\":\"Kimono Geom\u00e9trico Branco\"}]},{\"@type\":\"WebSite\",\"@id\":\"https:\\\/\\\/www.cristinaneves.pt\\\/#website\",\"url\":\"https:\\\/\\\/www.cristinaneves.pt\\\/\",\"name\":\"Cristina Neves\",\"description\":\"Fashion, conceptual and plastic stories\",\"potentialAction\":[{\"@type\":\"SearchAction\",\"target\":{\"@type\":\"EntryPoint\",\"urlTemplate\":\"https:\\\/\\\/www.cristinaneves.pt\\\/?s={search_term_string}\"},\"query-input\":{\"@type\":\"PropertyValueSpecification\",\"valueRequired\":true,\"valueName\":\"search_term_string\"}}],\"inLanguage\":\"pt-PT\"}]}<\/script>\n<!-- \/ Yoast SEO plugin. -->","yoast_head_json":{"title":"Kimono Geom\u00e9trico Branco - Cristina Neves","robots":{"index":"index","follow":"follow","max-snippet":"max-snippet:-1","max-image-preview":"max-image-preview:large","max-video-preview":"max-video-preview:-1"},"canonical":"https:\/\/www.cristinaneves.pt\/pt-pt\/produto\/kimono-geometrico-branco\/","og_locale":"pt_PT","og_type":"article","og_title":"Kimono Geom\u00e9trico Branco - Cristina Neves","og_description":"Este Kimono branco inspirou-se no cora\u00e7\u00e3o do origami.  Ele surge numa geometria silenciosa, tornando-se uma pe\u00e7a arquitet\u00f3nica.  Este Kimono ao ser produzido foi tamb\u00e9m uma medita\u00e7\u00e3o, devido \u00e0s suas dobragens de tecido nas costas, inspiradas na geometria infinita do origami.  Tem mangas tradicionais japonesas.  \u00c9 totalmente artesanal.  \u00c9 uma pe\u00e7a \u00fanica.  Tamanho \u00fanico.","og_url":"https:\/\/www.cristinaneves.pt\/pt-pt\/produto\/kimono-geometrico-branco\/","og_site_name":"Cristina Neves","article_modified_time":"2025-08-13T14:40:53+00:00","og_image":[{"width":800,"height":998,"url":"https:\/\/www.cristinaneves.pt\/wp-content\/uploads\/2018\/12\/20250530_133215a.jpg","type":"image\/jpeg"}],"twitter_card":"summary_large_image","twitter_misc":{"Tempo estimado de leitura":"1 minuto"},"schema":{"@context":"https:\/\/schema.org","@graph":[{"@type":"WebPage","@id":"https:\/\/www.cristinaneves.pt\/pt-pt\/produto\/kimono-geometrico-branco\/","url":"https:\/\/www.cristinaneves.pt\/pt-pt\/produto\/kimono-geometrico-branco\/","name":"Kimono Geom\u00e9trico Branco - Cristina Neves","isPartOf":{"@id":"https:\/\/www.cristinaneves.pt\/#website"},"primaryImageOfPage":{"@id":"https:\/\/www.cristinaneves.pt\/pt-pt\/produto\/kimono-geometrico-branco\/#primaryimage"},"image":{"@id":"https:\/\/www.cristinaneves.pt\/pt-pt\/produto\/kimono-geometrico-branco\/#primaryimage"},"thumbnailUrl":"https:\/\/www.cristinaneves.pt\/wp-content\/uploads\/2018\/12\/20250530_133215a.jpg","datePublished":"2018-12-27T23:07:46+00:00","dateModified":"2025-08-13T14:40:53+00:00","breadcrumb":{"@id":"https:\/\/www.cristinaneves.pt\/pt-pt\/produto\/kimono-geometrico-branco\/#breadcrumb"},"inLanguage":"pt-PT","potentialAction":[{"@type":"ReadAction","target":["https:\/\/www.cristinaneves.pt\/pt-pt\/produto\/kimono-geometrico-branco\/"]}]},{"@type":"ImageObject","inLanguage":"pt-PT","@id":"https:\/\/www.cristinaneves.pt\/pt-pt\/produto\/kimono-geometrico-branco\/#primaryimage","url":"https:\/\/www.cristinaneves.pt\/wp-content\/uploads\/2018\/12\/20250530_133215a.jpg","contentUrl":"https:\/\/www.cristinaneves.pt\/wp-content\/uploads\/2018\/12\/20250530_133215a.jpg","width":800,"height":998},{"@type":"BreadcrumbList","@id":"https:\/\/www.cristinaneves.pt\/pt-pt\/produto\/kimono-geometrico-branco\/#breadcrumb","itemListElement":[{"@type":"ListItem","position":1,"name":"Home","item":"https:\/\/www.cristinaneves.pt\/pt-pt\/"},{"@type":"ListItem","position":2,"name":"Loja","item":"https:\/\/www.cristinaneves.pt\/pt-pt\/loja\/"},{"@type":"ListItem","position":3,"name":"Kimono Geom\u00e9trico Branco"}]},{"@type":"WebSite","@id":"https:\/\/www.cristinaneves.pt\/#website","url":"https:\/\/www.cristinaneves.pt\/","name":"Cristina Neves","description":"Fashion, conceptual and plastic stories","potentialAction":[{"@type":"SearchAction","target":{"@type":"EntryPoint","urlTemplate":"https:\/\/www.cristinaneves.pt\/?s={search_term_string}"},"query-input":{"@type":"PropertyValueSpecification","valueRequired":true,"valueName":"search_term_string"}}],"inLanguage":"pt-PT"}]}},"_links":{"self":[{"href":"https:\/\/www.cristinaneves.pt\/pt-pt\/wp-json\/wp\/v2\/product\/1467","targetHints":{"allow":["GET"]}}],"collection":[{"href":"https:\/\/www.cristinaneves.pt\/pt-pt\/wp-json\/wp\/v2\/product"}],"about":[{"href":"https:\/\/www.cristinaneves.pt\/pt-pt\/wp-json\/wp\/v2\/types\/product"}],"replies":[{"embeddable":true,"href":"https:\/\/www.cristinaneves.pt\/pt-pt\/wp-json\/wp\/v2\/comments?post=1467"}],"wp:featuredmedia":[{"embeddable":true,"href":"https:\/\/www.cristinaneves.pt\/pt-pt\/wp-json\/wp\/v2\/media\/6092"}],"wp:attachment":[{"href":"https:\/\/www.cristinaneves.pt\/pt-pt\/wp-json\/wp\/v2\/media?parent=1467"}],"wp:term":[{"taxonomy":"product_brand","embeddable":true,"href":"https:\/\/www.cristinaneves.pt\/pt-pt\/wp-json\/wp\/v2\/product_brand?post=1467"},{"taxonomy":"product_cat","embeddable":true,"href":"https:\/\/www.cristinaneves.pt\/pt-pt\/wp-json\/wp\/v2\/product_cat?post=1467"},{"taxonomy":"product_tag","embeddable":true,"href":"https:\/\/www.cristinaneves.pt\/pt-pt\/wp-json\/wp\/v2\/product_tag?post=1467"}],"curies":[{"name":"wp","href":"https:\/\/api.w.org\/{rel}","templated":true}]}}