{"id":6495,"date":"2025-08-27T18:44:02","date_gmt":"2025-08-27T18:44:02","guid":{"rendered":"https:\/\/www.cristinaneves.pt\/?page_id=6495"},"modified":"2025-08-27T18:58:30","modified_gmt":"2025-08-27T18:58:30","slug":"rubber","status":"publish","type":"page","link":"https:\/\/www.cristinaneves.pt\/pt-pt\/rubber\/","title":{"rendered":"Rubber"},"content":{"rendered":"<div class=\"wpb-content-wrapper\">[vc_row id=&#8221;order-row&#8221; el_class=&#8221;order-row&#8221;][vc_column width=&#8221;7\/12&#8243;][mk_image src=&#8221;https:\/\/www.cristinaneves.pt\/wp-content\/uploads\/2025\/08\/ph-goncalo-gouveia-02.jpg&#8221; image_size=&#8221;full&#8221;][mk_padding_divider size=&#8221;20&#8243;][mk_image src=&#8221;https:\/\/www.cristinaneves.pt\/wp-content\/uploads\/2025\/08\/ph-goncalo-gouveia-03.jpg&#8221; image_size=&#8221;full&#8221;][mk_padding_divider size=&#8221;20&#8243;][mk_image src=&#8221;https:\/\/www.cristinaneves.pt\/wp-content\/uploads\/2025\/08\/ph-goncalo-gouveia-01.jpg&#8221; image_size=&#8221;full&#8221;][mk_padding_divider size=&#8221;20&#8243;][mk_image src=&#8221;https:\/\/www.cristinaneves.pt\/wp-content\/uploads\/2025\/08\/ph-goncalo-gouveia-04.jpg&#8221; image_size=&#8221;full&#8221;][mk_padding_divider size=&#8221;20&#8243;][mk_image src=&#8221;https:\/\/www.cristinaneves.pt\/wp-content\/uploads\/2025\/08\/ph-sergio-alves-03.jpg&#8221; image_size=&#8221;full&#8221;][mk_padding_divider size=&#8221;20&#8243;][mk_image src=&#8221;https:\/\/www.cristinaneves.pt\/wp-content\/uploads\/2025\/08\/ph-sergio-alves-04.jpg&#8221; image_size=&#8221;full&#8221;][mk_padding_divider size=&#8221;20&#8243;][mk_image src=&#8221;https:\/\/www.cristinaneves.pt\/wp-content\/uploads\/2025\/08\/ph-roman-heiman-05-1.jpg&#8221; image_size=&#8221;full&#8221;][mk_padding_divider size=&#8221;20&#8243;][\/vc_column][vc_column width=&#8221;5\/12&#8243; el_class=&#8221;order-row&#8221;][mk_padding_divider size=&#8221;90&#8243; visibility=&#8221;visible-dt&#8221;][mk_fancy_title tag_name=&#8221;h1&#8243; size=&#8221;58&#8243; force_font_size=&#8221;true&#8221; size_tablet=&#8221;50&#8243; font_weight=&#8221;bold&#8221; txt_transform=&#8221;uppercase&#8221; font_family=&#8221;none&#8221; el_class=&#8221;darktitle&#8221;]Rubber[\/mk_fancy_title][vc_column_text css=&#8221;.vc_custom_1756321106873{margin-bottom: 0px !important;}&#8221;]Rubber &#8211; cole\u00e7\u00e3o c\u00e1psula para PONTE &#8211; Encontro Internacional de Moda e Performance, Edi\u00e7\u00e3o Exchange (2025) na Biblioteca de Alc\u00e2ntara, Lisboa.<\/p>\n<p>Organiza\u00e7\u00e3o &#8220;Via Criativa&#8221; and &#8220;Belas Artes&#8221;<\/p>\n<p>Apoio &#8220;Bibliotecas de Lisboa&#8221;<\/p>\n<p>Copyright 2025 Associa\u00e7\u00e3o Via Criativa<\/p>\n<p>Fotografia | Bruno Nunes, Gon\u00e7alo Gouveia, Roman Heiman e S\u00e9rgio Alves<\/p>\n<p>Modelos | Gabriel Silva, Joelton Gomes, Mafalda Raquel, Marina Avoila e Vera Teles[\/vc_column_text][mk_padding_divider size=&#8221;20&#8243;][mk_image src=&#8221;https:\/\/www.cristinaneves.pt\/wp-content\/uploads\/2025\/08\/ph-goncalo-gouveia-05.jpg&#8221; image_size=&#8221;full&#8221;][mk_padding_divider size=&#8221;20&#8243;][mk_image src=&#8221;https:\/\/www.cristinaneves.pt\/wp-content\/uploads\/2025\/08\/ph-goncalo-gouveia-06.jpg&#8221; image_size=&#8221;full&#8221;][mk_padding_divider size=&#8221;20&#8243;][mk_image src=&#8221;https:\/\/www.cristinaneves.pt\/wp-content\/uploads\/2025\/08\/ph-sergio-alves-01.jpg&#8221; image_size=&#8221;full&#8221;][mk_padding_divider size=&#8221;20&#8243;][mk_image src=&#8221;https:\/\/www.cristinaneves.pt\/wp-content\/uploads\/2025\/08\/ph-sergio-alves-02-1.jpg&#8221; image_size=&#8221;full&#8221;][mk_padding_divider size=&#8221;20&#8243;][mk_image src=&#8221;https:\/\/www.cristinaneves.pt\/wp-content\/uploads\/2025\/08\/ph-bruno-nunes-01-1.jpg&#8221; image_size=&#8221;full&#8221;][mk_padding_divider size=&#8221;20&#8243;][mk_image src=&#8221;https:\/\/www.cristinaneves.pt\/wp-content\/uploads\/2025\/08\/ph-roman-heiman-01.jpg&#8221; image_size=&#8221;full&#8221;][\/vc_column][\/vc_row][vc_row][vc_column][mk_padding_divider size=&#8221;30&#8243; visibility=&#8221;visible-dt&#8221;][mk_padding_divider size=&#8221;30&#8243;][\/vc_column][\/vc_row]\n<\/div>","protected":false},"excerpt":{"rendered":"<p>[vc_row id=&#8221;order-row&#8221; el_class=&#8221;order-row&#8221;][vc_column width=&#8221;7\/12&#8243;][mk_image src=&#8221;https:\/\/www.cristinaneves.pt\/wp-content\/uploads\/2025\/08\/ph-goncalo-gouveia-02.jpg&#8221; image_size=&#8221;full&#8221;][mk_padding_divider size=&#8221;20&#8243;][mk_image src=&#8221;https:\/\/www.cristinaneves.pt\/wp-content\/uploads\/2025\/08\/ph-goncalo-gouveia-03.jpg&#8221; image_size=&#8221;full&#8221;][mk_padding_divider size=&#8221;20&#8243;][mk_image src=&#8221;https:\/\/www.cristinaneves.pt\/wp-content\/uploads\/2025\/08\/ph-goncalo-gouveia-01.jpg&#8221; image_size=&#8221;full&#8221;][mk_padding_divider size=&#8221;20&#8243;][mk_image src=&#8221;https:\/\/www.cristinaneves.pt\/wp-content\/uploads\/2025\/08\/ph-goncalo-gouveia-04.jpg&#8221; image_size=&#8221;full&#8221;][mk_padding_divider size=&#8221;20&#8243;][mk_image src=&#8221;https:\/\/www.cristinaneves.pt\/wp-content\/uploads\/2025\/08\/ph-sergio-alves-03.jpg&#8221; image_size=&#8221;full&#8221;][mk_padding_divider size=&#8221;20&#8243;][mk_image src=&#8221;https:\/\/www.cristinaneves.pt\/wp-content\/uploads\/2025\/08\/ph-sergio-alves-04.jpg&#8221; image_size=&#8221;full&#8221;][mk_padding_divider size=&#8221;20&#8243;][mk_image src=&#8221;https:\/\/www.cristinaneves.pt\/wp-content\/uploads\/2025\/08\/ph-roman-heiman-05-1.jpg&#8221; image_size=&#8221;full&#8221;][mk_padding_divider size=&#8221;20&#8243;][\/vc_column][vc_column width=&#8221;5\/12&#8243; el_class=&#8221;order-row&#8221;][mk_padding_divider size=&#8221;90&#8243; visibility=&#8221;visible-dt&#8221;][mk_fancy_title tag_name=&#8221;h1&#8243; size=&#8221;58&#8243; force_font_size=&#8221;true&#8221; size_tablet=&#8221;50&#8243; font_weight=&#8221;bold&#8221; txt_transform=&#8221;uppercase&#8221; font_family=&#8221;none&#8221; el_class=&#8221;darktitle&#8221;]Rubber[\/mk_fancy_title][vc_column_text css=&#8221;.vc_custom_1756321106873{margin-bottom: 0px !important;}&#8221;]Rubber &#8211; cole\u00e7\u00e3o c\u00e1psula para PONTE &#8211; Encontro Internacional de Moda e Performance, Edi\u00e7\u00e3o Exchange (2025) [&hellip;]<\/p>\n","protected":false},"author":5,"featured_media":0,"parent":0,"menu_order":0,"comment_status":"closed","ping_status":"closed","template":"","meta":{"footnotes":""},"class_list":["post-6495","page","type-page","status-publish","hentry"],"yoast_head":"<!-- This site is optimized with the Yoast SEO plugin v27.4 - https:\/\/yoast.com\/product\/yoast-seo-wordpress\/ -->\n<title>Rubber - Cristina Neves<\/title>\n<meta name=\"robots\" content=\"index, follow, max-snippet:-1, max-image-preview:large, max-video-preview:-1\" \/>\n<link rel=\"canonical\" href=\"https:\/\/www.cristinaneves.pt\/rubber\/\" \/>\n<meta property=\"og:locale\" content=\"pt_PT\" \/>\n<meta property=\"og:type\" content=\"article\" \/>\n<meta property=\"og:title\" content=\"Rubber - Cristina Neves\" \/>\n<meta property=\"og:description\" content=\"[vc_row id=&#8221;order-row&#8221; el_class=&#8221;order-row&#8221;][vc_column width=&#8221;7\/12&#8243;][mk_image src=&#8221;https:\/\/www.cristinaneves.pt\/wp-content\/uploads\/2025\/08\/ph-goncalo-gouveia-02.jpg&#8221; image_size=&#8221;full&#8221;][mk_padding_divider size=&#8221;20&#8243;][mk_image src=&#8221;https:\/\/www.cristinaneves.pt\/wp-content\/uploads\/2025\/08\/ph-goncalo-gouveia-03.jpg&#8221; image_size=&#8221;full&#8221;][mk_padding_divider size=&#8221;20&#8243;][mk_image src=&#8221;https:\/\/www.cristinaneves.pt\/wp-content\/uploads\/2025\/08\/ph-goncalo-gouveia-01.jpg&#8221; image_size=&#8221;full&#8221;][mk_padding_divider size=&#8221;20&#8243;][mk_image src=&#8221;https:\/\/www.cristinaneves.pt\/wp-content\/uploads\/2025\/08\/ph-goncalo-gouveia-04.jpg&#8221; image_size=&#8221;full&#8221;][mk_padding_divider size=&#8221;20&#8243;][mk_image src=&#8221;https:\/\/www.cristinaneves.pt\/wp-content\/uploads\/2025\/08\/ph-sergio-alves-03.jpg&#8221; image_size=&#8221;full&#8221;][mk_padding_divider size=&#8221;20&#8243;][mk_image src=&#8221;https:\/\/www.cristinaneves.pt\/wp-content\/uploads\/2025\/08\/ph-sergio-alves-04.jpg&#8221; image_size=&#8221;full&#8221;][mk_padding_divider size=&#8221;20&#8243;][mk_image src=&#8221;https:\/\/www.cristinaneves.pt\/wp-content\/uploads\/2025\/08\/ph-roman-heiman-05-1.jpg&#8221; image_size=&#8221;full&#8221;][mk_padding_divider size=&#8221;20&#8243;][\/vc_column][vc_column width=&#8221;5\/12&#8243; el_class=&#8221;order-row&#8221;][mk_padding_divider size=&#8221;90&#8243; visibility=&#8221;visible-dt&#8221;][mk_fancy_title tag_name=&#8221;h1&#8243; size=&#8221;58&#8243; force_font_size=&#8221;true&#8221; size_tablet=&#8221;50&#8243; font_weight=&#8221;bold&#8221; txt_transform=&#8221;uppercase&#8221; font_family=&#8221;none&#8221; el_class=&#8221;darktitle&#8221;]Rubber[\/mk_fancy_title][vc_column_text css=&#8221;.vc_custom_1756321106873{margin-bottom: 0px !important;}&#8221;]Rubber &#8211; cole\u00e7\u00e3o c\u00e1psula para PONTE &#8211; Encontro Internacional de Moda e Performance, Edi\u00e7\u00e3o Exchange (2025) [&hellip;]\" \/>\n<meta property=\"og:url\" content=\"https:\/\/www.cristinaneves.pt\/rubber\/\" \/>\n<meta property=\"og:site_name\" content=\"Cristina Neves\" \/>\n<meta property=\"article:modified_time\" content=\"2025-08-27T18:58:30+00:00\" \/>\n<meta name=\"twitter:card\" content=\"summary_large_image\" \/>\n<meta name=\"twitter:label1\" content=\"Tempo estimado de leitura\" \/>\n\t<meta name=\"twitter:data1\" content=\"1 minuto\" \/>\n<script type=\"application\/ld+json\" class=\"yoast-schema-graph\">{\"@context\":\"https:\\\/\\\/schema.org\",\"@graph\":[{\"@type\":\"WebPage\",\"@id\":\"https:\\\/\\\/www.cristinaneves.pt\\\/rubber\\\/\",\"url\":\"https:\\\/\\\/www.cristinaneves.pt\\\/rubber\\\/\",\"name\":\"Rubber - Cristina Neves\",\"isPartOf\":{\"@id\":\"https:\\\/\\\/www.cristinaneves.pt\\\/#website\"},\"datePublished\":\"2025-08-27T18:44:02+00:00\",\"dateModified\":\"2025-08-27T18:58:30+00:00\",\"breadcrumb\":{\"@id\":\"https:\\\/\\\/www.cristinaneves.pt\\\/rubber\\\/#breadcrumb\"},\"inLanguage\":\"pt-PT\",\"potentialAction\":[{\"@type\":\"ReadAction\",\"target\":[\"https:\\\/\\\/www.cristinaneves.pt\\\/rubber\\\/\"]}]},{\"@type\":\"BreadcrumbList\",\"@id\":\"https:\\\/\\\/www.cristinaneves.pt\\\/rubber\\\/#breadcrumb\",\"itemListElement\":[{\"@type\":\"ListItem\",\"position\":1,\"name\":\"Home\",\"item\":\"https:\\\/\\\/www.cristinaneves.pt\\\/pt-pt\\\/\"},{\"@type\":\"ListItem\",\"position\":2,\"name\":\"Rubber\"}]},{\"@type\":\"WebSite\",\"@id\":\"https:\\\/\\\/www.cristinaneves.pt\\\/#website\",\"url\":\"https:\\\/\\\/www.cristinaneves.pt\\\/\",\"name\":\"Cristina Neves\",\"description\":\"Fashion, conceptual and plastic stories\",\"potentialAction\":[{\"@type\":\"SearchAction\",\"target\":{\"@type\":\"EntryPoint\",\"urlTemplate\":\"https:\\\/\\\/www.cristinaneves.pt\\\/?s={search_term_string}\"},\"query-input\":{\"@type\":\"PropertyValueSpecification\",\"valueRequired\":true,\"valueName\":\"search_term_string\"}}],\"inLanguage\":\"pt-PT\"}]}<\/script>\n<!-- \/ Yoast SEO plugin. -->","yoast_head_json":{"title":"Rubber - Cristina Neves","robots":{"index":"index","follow":"follow","max-snippet":"max-snippet:-1","max-image-preview":"max-image-preview:large","max-video-preview":"max-video-preview:-1"},"canonical":"https:\/\/www.cristinaneves.pt\/rubber\/","og_locale":"pt_PT","og_type":"article","og_title":"Rubber - Cristina Neves","og_description":"[vc_row id=&#8221;order-row&#8221; el_class=&#8221;order-row&#8221;][vc_column width=&#8221;7\/12&#8243;][mk_image src=&#8221;https:\/\/www.cristinaneves.pt\/wp-content\/uploads\/2025\/08\/ph-goncalo-gouveia-02.jpg&#8221; image_size=&#8221;full&#8221;][mk_padding_divider size=&#8221;20&#8243;][mk_image src=&#8221;https:\/\/www.cristinaneves.pt\/wp-content\/uploads\/2025\/08\/ph-goncalo-gouveia-03.jpg&#8221; image_size=&#8221;full&#8221;][mk_padding_divider size=&#8221;20&#8243;][mk_image src=&#8221;https:\/\/www.cristinaneves.pt\/wp-content\/uploads\/2025\/08\/ph-goncalo-gouveia-01.jpg&#8221; image_size=&#8221;full&#8221;][mk_padding_divider size=&#8221;20&#8243;][mk_image src=&#8221;https:\/\/www.cristinaneves.pt\/wp-content\/uploads\/2025\/08\/ph-goncalo-gouveia-04.jpg&#8221; image_size=&#8221;full&#8221;][mk_padding_divider size=&#8221;20&#8243;][mk_image src=&#8221;https:\/\/www.cristinaneves.pt\/wp-content\/uploads\/2025\/08\/ph-sergio-alves-03.jpg&#8221; image_size=&#8221;full&#8221;][mk_padding_divider size=&#8221;20&#8243;][mk_image src=&#8221;https:\/\/www.cristinaneves.pt\/wp-content\/uploads\/2025\/08\/ph-sergio-alves-04.jpg&#8221; image_size=&#8221;full&#8221;][mk_padding_divider size=&#8221;20&#8243;][mk_image src=&#8221;https:\/\/www.cristinaneves.pt\/wp-content\/uploads\/2025\/08\/ph-roman-heiman-05-1.jpg&#8221; image_size=&#8221;full&#8221;][mk_padding_divider size=&#8221;20&#8243;][\/vc_column][vc_column width=&#8221;5\/12&#8243; el_class=&#8221;order-row&#8221;][mk_padding_divider size=&#8221;90&#8243; visibility=&#8221;visible-dt&#8221;][mk_fancy_title tag_name=&#8221;h1&#8243; size=&#8221;58&#8243; force_font_size=&#8221;true&#8221; size_tablet=&#8221;50&#8243; font_weight=&#8221;bold&#8221; txt_transform=&#8221;uppercase&#8221; font_family=&#8221;none&#8221; el_class=&#8221;darktitle&#8221;]Rubber[\/mk_fancy_title][vc_column_text css=&#8221;.vc_custom_1756321106873{margin-bottom: 0px !important;}&#8221;]Rubber &#8211; cole\u00e7\u00e3o c\u00e1psula para PONTE &#8211; Encontro Internacional de Moda e Performance, Edi\u00e7\u00e3o Exchange (2025) [&hellip;]","og_url":"https:\/\/www.cristinaneves.pt\/rubber\/","og_site_name":"Cristina Neves","article_modified_time":"2025-08-27T18:58:30+00:00","twitter_card":"summary_large_image","twitter_misc":{"Tempo estimado de leitura":"1 minuto"},"schema":{"@context":"https:\/\/schema.org","@graph":[{"@type":"WebPage","@id":"https:\/\/www.cristinaneves.pt\/rubber\/","url":"https:\/\/www.cristinaneves.pt\/rubber\/","name":"Rubber - Cristina Neves","isPartOf":{"@id":"https:\/\/www.cristinaneves.pt\/#website"},"datePublished":"2025-08-27T18:44:02+00:00","dateModified":"2025-08-27T18:58:30+00:00","breadcrumb":{"@id":"https:\/\/www.cristinaneves.pt\/rubber\/#breadcrumb"},"inLanguage":"pt-PT","potentialAction":[{"@type":"ReadAction","target":["https:\/\/www.cristinaneves.pt\/rubber\/"]}]},{"@type":"BreadcrumbList","@id":"https:\/\/www.cristinaneves.pt\/rubber\/#breadcrumb","itemListElement":[{"@type":"ListItem","position":1,"name":"Home","item":"https:\/\/www.cristinaneves.pt\/pt-pt\/"},{"@type":"ListItem","position":2,"name":"Rubber"}]},{"@type":"WebSite","@id":"https:\/\/www.cristinaneves.pt\/#website","url":"https:\/\/www.cristinaneves.pt\/","name":"Cristina Neves","description":"Fashion, conceptual and plastic stories","potentialAction":[{"@type":"SearchAction","target":{"@type":"EntryPoint","urlTemplate":"https:\/\/www.cristinaneves.pt\/?s={search_term_string}"},"query-input":{"@type":"PropertyValueSpecification","valueRequired":true,"valueName":"search_term_string"}}],"inLanguage":"pt-PT"}]}},"_links":{"self":[{"href":"https:\/\/www.cristinaneves.pt\/pt-pt\/wp-json\/wp\/v2\/pages\/6495","targetHints":{"allow":["GET"]}}],"collection":[{"href":"https:\/\/www.cristinaneves.pt\/pt-pt\/wp-json\/wp\/v2\/pages"}],"about":[{"href":"https:\/\/www.cristinaneves.pt\/pt-pt\/wp-json\/wp\/v2\/types\/page"}],"author":[{"embeddable":true,"href":"https:\/\/www.cristinaneves.pt\/pt-pt\/wp-json\/wp\/v2\/users\/5"}],"replies":[{"embeddable":true,"href":"https:\/\/www.cristinaneves.pt\/pt-pt\/wp-json\/wp\/v2\/comments?post=6495"}],"version-history":[{"count":2,"href":"https:\/\/www.cristinaneves.pt\/pt-pt\/wp-json\/wp\/v2\/pages\/6495\/revisions"}],"predecessor-version":[{"id":6504,"href":"https:\/\/www.cristinaneves.pt\/pt-pt\/wp-json\/wp\/v2\/pages\/6495\/revisions\/6504"}],"wp:attachment":[{"href":"https:\/\/www.cristinaneves.pt\/pt-pt\/wp-json\/wp\/v2\/media?parent=6495"}],"curies":[{"name":"wp","href":"https:\/\/api.w.org\/{rel}","templated":true}]}}