{"id":2397,"date":"2020-01-25T15:47:09","date_gmt":"2020-01-25T15:47:09","guid":{"rendered":"https:\/\/www.cristinaneves.pt\/?page_id=2397"},"modified":"2025-08-27T16:34:14","modified_gmt":"2025-08-27T16:34:14","slug":"dragao","status":"publish","type":"page","link":"https:\/\/www.cristinaneves.pt\/pt-pt\/dragao\/","title":{"rendered":"Drag\u00e3o"},"content":{"rendered":"<div class=\"wpb-content-wrapper\">[vc_row id=&#8221;order-row&#8221; el_class=&#8221;order-row&#8221;][vc_column width=&#8221;7\/12&#8243;][mk_image src=&#8221;https:\/\/www.cristinaneves.pt\/wp-content\/uploads\/2020\/01\/mg_8264.jpg&#8221; image_size=&#8221;full&#8221;][mk_padding_divider size=&#8221;20&#8243;][mk_image src=&#8221;https:\/\/www.cristinaneves.pt\/wp-content\/uploads\/2020\/01\/mg_8215.jpg&#8221; image_size=&#8221;full&#8221;][mk_padding_divider size=&#8221;20&#8243;][mk_image src=&#8221;https:\/\/www.cristinaneves.pt\/wp-content\/uploads\/2020\/01\/mg_8239.jpg&#8221; image_size=&#8221;full&#8221;][mk_padding_divider size=&#8221;20&#8243;][mk_image src=&#8221;https:\/\/www.cristinaneves.pt\/wp-content\/uploads\/2020\/01\/mg_8244.jpg&#8221; image_size=&#8221;full&#8221;][mk_padding_divider size=&#8221;20&#8243;][\/vc_column][vc_column width=&#8221;5\/12&#8243; el_class=&#8221;order-row&#8221;][mk_padding_divider size=&#8221;90&#8243; visibility=&#8221;visible-dt&#8221;][mk_fancy_title tag_name=&#8221;h1&#8243; size=&#8221;58&#8243; force_font_size=&#8221;true&#8221; size_tablet=&#8221;50&#8243; font_weight=&#8221;bold&#8221; txt_transform=&#8221;uppercase&#8221; font_family=&#8221;none&#8221; el_class=&#8221;darktitle&#8221;]Drag\u00e3o[\/mk_fancy_title][vc_column_text css=&#8221;.vc_custom_1756312449320{margin-bottom: 0px !important;}&#8221;]&#8221;Se o c\u00e9u pudesse sonhar, ele sonharia com drag\u00f5es.&#8221;<\/p>\n<p>As Malas Drag\u00e3o s\u00e3o totalmente artesanais, produzidas com pele natural.<\/p>\n<p>Cada escama foi cortada manualmente. (2019)<\/p>\n<p>Fotografia | Jo\u00e3o Henriques[\/vc_column_text][mk_padding_divider size=&#8221;20&#8243;][mk_image src=&#8221;https:\/\/www.cristinaneves.pt\/wp-content\/uploads\/2020\/01\/mg_8263.jpg&#8221; image_size=&#8221;full&#8221;][mk_padding_divider size=&#8221;20&#8243;][mk_image src=&#8221;https:\/\/www.cristinaneves.pt\/wp-content\/uploads\/2020\/01\/mg_8214.jpg&#8221; image_size=&#8221;full&#8221;][mk_padding_divider size=&#8221;20&#8243;][mk_image src=&#8221;https:\/\/www.cristinaneves.pt\/wp-content\/uploads\/2020\/01\/mg_8196.jpg&#8221; image_size=&#8221;full&#8221;][mk_padding_divider size=&#8221;20&#8243;][mk_image src=&#8221;https:\/\/www.cristinaneves.pt\/wp-content\/uploads\/2020\/01\/mg_8248.jpg&#8221; image_size=&#8221;full&#8221;][mk_padding_divider size=&#8221;20&#8243;][mk_image src=&#8221;https:\/\/www.cristinaneves.pt\/wp-content\/uploads\/2020\/01\/mg_8257.jpg&#8221; image_size=&#8221;full&#8221;][\/vc_column][\/vc_row][vc_row][vc_column][mk_padding_divider size=&#8221;30&#8243; visibility=&#8221;visible-dt&#8221;][mk_padding_divider size=&#8221;30&#8243;][\/vc_column][\/vc_row]\n<\/div>","protected":false},"excerpt":{"rendered":"<p>[vc_row id=&#8221;order-row&#8221; el_class=&#8221;order-row&#8221;][vc_column width=&#8221;7\/12&#8243;][mk_image src=&#8221;https:\/\/www.cristinaneves.pt\/wp-content\/uploads\/2020\/01\/mg_8264.jpg&#8221; image_size=&#8221;full&#8221;][mk_padding_divider size=&#8221;20&#8243;][mk_image src=&#8221;https:\/\/www.cristinaneves.pt\/wp-content\/uploads\/2020\/01\/mg_8215.jpg&#8221; image_size=&#8221;full&#8221;][mk_padding_divider size=&#8221;20&#8243;][mk_image src=&#8221;https:\/\/www.cristinaneves.pt\/wp-content\/uploads\/2020\/01\/mg_8239.jpg&#8221; image_size=&#8221;full&#8221;][mk_padding_divider size=&#8221;20&#8243;][mk_image src=&#8221;https:\/\/www.cristinaneves.pt\/wp-content\/uploads\/2020\/01\/mg_8244.jpg&#8221; image_size=&#8221;full&#8221;][mk_padding_divider size=&#8221;20&#8243;][\/vc_column][vc_column width=&#8221;5\/12&#8243; el_class=&#8221;order-row&#8221;][mk_padding_divider size=&#8221;90&#8243; visibility=&#8221;visible-dt&#8221;][mk_fancy_title tag_name=&#8221;h1&#8243; size=&#8221;58&#8243; force_font_size=&#8221;true&#8221; size_tablet=&#8221;50&#8243; font_weight=&#8221;bold&#8221; txt_transform=&#8221;uppercase&#8221; font_family=&#8221;none&#8221; el_class=&#8221;darktitle&#8221;]Drag\u00e3o[\/mk_fancy_title][vc_column_text css=&#8221;.vc_custom_1756312449320{margin-bottom: 0px !important;}&#8221;]&#8221;Se o c\u00e9u pudesse sonhar, ele sonharia com drag\u00f5es.&#8221; As Malas Drag\u00e3o s\u00e3o totalmente artesanais, produzidas com pele natural. Cada escama foi cortada manualmente. (2019) [&hellip;]<\/p>\n","protected":false},"author":5,"featured_media":0,"parent":0,"menu_order":0,"comment_status":"closed","ping_status":"closed","template":"","meta":{"footnotes":""},"class_list":["post-2397","page","type-page","status-publish","hentry"],"yoast_head":"<!-- This site is optimized with the Yoast SEO plugin v27.6 - https:\/\/yoast.com\/product\/yoast-seo-wordpress\/ -->\n<title>Drag\u00e3o - Cristina Neves<\/title>\n<meta name=\"description\" content=\"&quot;If the sky could dream, it will dream of dragons.&quot; Estas malas s\u00e3o totalmente artesanais, produzidas com pele natural. Cada escama \u00e9 concebida manualmente.\" \/>\n<meta name=\"robots\" content=\"index, follow, max-snippet:-1, max-image-preview:large, max-video-preview:-1\" \/>\n<link rel=\"canonical\" href=\"https:\/\/www.cristinaneves.pt\/pt-pt\/dragao\/\" \/>\n<meta property=\"og:locale\" content=\"pt_PT\" \/>\n<meta property=\"og:type\" content=\"article\" \/>\n<meta property=\"og:title\" content=\"Drag\u00e3o - Cristina Neves\" \/>\n<meta property=\"og:description\" content=\"&quot;If the sky could dream, it will dream of dragons.&quot; Estas malas s\u00e3o totalmente artesanais, produzidas com pele natural. Cada escama \u00e9 concebida manualmente.\" \/>\n<meta property=\"og:url\" content=\"https:\/\/www.cristinaneves.pt\/pt-pt\/dragao\/\" \/>\n<meta property=\"og:site_name\" content=\"Cristina Neves\" \/>\n<meta property=\"article:modified_time\" content=\"2025-08-27T16:34:14+00:00\" \/>\n<meta name=\"twitter:card\" content=\"summary_large_image\" \/>\n<meta name=\"twitter:label1\" content=\"Tempo estimado de leitura\" \/>\n\t<meta name=\"twitter:data1\" content=\"1 minuto\" \/>\n<script type=\"application\/ld+json\" class=\"yoast-schema-graph\">{\"@context\":\"https:\\\/\\\/schema.org\",\"@graph\":[{\"@type\":\"WebPage\",\"@id\":\"https:\\\/\\\/www.cristinaneves.pt\\\/pt-pt\\\/dragao\\\/\",\"url\":\"https:\\\/\\\/www.cristinaneves.pt\\\/pt-pt\\\/dragao\\\/\",\"name\":\"Drag\u00e3o - Cristina Neves\",\"isPartOf\":{\"@id\":\"https:\\\/\\\/www.cristinaneves.pt\\\/#website\"},\"datePublished\":\"2020-01-25T15:47:09+00:00\",\"dateModified\":\"2025-08-27T16:34:14+00:00\",\"description\":\"\\\"If the sky could dream, it will dream of dragons.\\\" Estas malas s\u00e3o totalmente artesanais, produzidas com pele natural. Cada escama \u00e9 concebida manualmente.\",\"breadcrumb\":{\"@id\":\"https:\\\/\\\/www.cristinaneves.pt\\\/pt-pt\\\/dragao\\\/#breadcrumb\"},\"inLanguage\":\"pt-PT\",\"potentialAction\":[{\"@type\":\"ReadAction\",\"target\":[\"https:\\\/\\\/www.cristinaneves.pt\\\/pt-pt\\\/dragao\\\/\"]}]},{\"@type\":\"BreadcrumbList\",\"@id\":\"https:\\\/\\\/www.cristinaneves.pt\\\/pt-pt\\\/dragao\\\/#breadcrumb\",\"itemListElement\":[{\"@type\":\"ListItem\",\"position\":1,\"name\":\"Home\",\"item\":\"https:\\\/\\\/www.cristinaneves.pt\\\/pt-pt\\\/\"},{\"@type\":\"ListItem\",\"position\":2,\"name\":\"Drag\u00e3o\"}]},{\"@type\":\"WebSite\",\"@id\":\"https:\\\/\\\/www.cristinaneves.pt\\\/#website\",\"url\":\"https:\\\/\\\/www.cristinaneves.pt\\\/\",\"name\":\"Cristina Neves\",\"description\":\"Fashion, conceptual and plastic stories\",\"potentialAction\":[{\"@type\":\"SearchAction\",\"target\":{\"@type\":\"EntryPoint\",\"urlTemplate\":\"https:\\\/\\\/www.cristinaneves.pt\\\/?s={search_term_string}\"},\"query-input\":{\"@type\":\"PropertyValueSpecification\",\"valueRequired\":true,\"valueName\":\"search_term_string\"}}],\"inLanguage\":\"pt-PT\"}]}<\/script>\n<!-- \/ Yoast SEO plugin. -->","yoast_head_json":{"title":"Drag\u00e3o - Cristina Neves","description":"\"If the sky could dream, it will dream of dragons.\" Estas malas s\u00e3o totalmente artesanais, produzidas com pele natural. Cada escama \u00e9 concebida manualmente.","robots":{"index":"index","follow":"follow","max-snippet":"max-snippet:-1","max-image-preview":"max-image-preview:large","max-video-preview":"max-video-preview:-1"},"canonical":"https:\/\/www.cristinaneves.pt\/pt-pt\/dragao\/","og_locale":"pt_PT","og_type":"article","og_title":"Drag\u00e3o - Cristina Neves","og_description":"\"If the sky could dream, it will dream of dragons.\" Estas malas s\u00e3o totalmente artesanais, produzidas com pele natural. Cada escama \u00e9 concebida manualmente.","og_url":"https:\/\/www.cristinaneves.pt\/pt-pt\/dragao\/","og_site_name":"Cristina Neves","article_modified_time":"2025-08-27T16:34:14+00:00","twitter_card":"summary_large_image","twitter_misc":{"Tempo estimado de leitura":"1 minuto"},"schema":{"@context":"https:\/\/schema.org","@graph":[{"@type":"WebPage","@id":"https:\/\/www.cristinaneves.pt\/pt-pt\/dragao\/","url":"https:\/\/www.cristinaneves.pt\/pt-pt\/dragao\/","name":"Drag\u00e3o - Cristina Neves","isPartOf":{"@id":"https:\/\/www.cristinaneves.pt\/#website"},"datePublished":"2020-01-25T15:47:09+00:00","dateModified":"2025-08-27T16:34:14+00:00","description":"\"If the sky could dream, it will dream of dragons.\" Estas malas s\u00e3o totalmente artesanais, produzidas com pele natural. Cada escama \u00e9 concebida manualmente.","breadcrumb":{"@id":"https:\/\/www.cristinaneves.pt\/pt-pt\/dragao\/#breadcrumb"},"inLanguage":"pt-PT","potentialAction":[{"@type":"ReadAction","target":["https:\/\/www.cristinaneves.pt\/pt-pt\/dragao\/"]}]},{"@type":"BreadcrumbList","@id":"https:\/\/www.cristinaneves.pt\/pt-pt\/dragao\/#breadcrumb","itemListElement":[{"@type":"ListItem","position":1,"name":"Home","item":"https:\/\/www.cristinaneves.pt\/pt-pt\/"},{"@type":"ListItem","position":2,"name":"Drag\u00e3o"}]},{"@type":"WebSite","@id":"https:\/\/www.cristinaneves.pt\/#website","url":"https:\/\/www.cristinaneves.pt\/","name":"Cristina Neves","description":"Fashion, conceptual and plastic stories","potentialAction":[{"@type":"SearchAction","target":{"@type":"EntryPoint","urlTemplate":"https:\/\/www.cristinaneves.pt\/?s={search_term_string}"},"query-input":{"@type":"PropertyValueSpecification","valueRequired":true,"valueName":"search_term_string"}}],"inLanguage":"pt-PT"}]}},"_links":{"self":[{"href":"https:\/\/www.cristinaneves.pt\/pt-pt\/wp-json\/wp\/v2\/pages\/2397","targetHints":{"allow":["GET"]}}],"collection":[{"href":"https:\/\/www.cristinaneves.pt\/pt-pt\/wp-json\/wp\/v2\/pages"}],"about":[{"href":"https:\/\/www.cristinaneves.pt\/pt-pt\/wp-json\/wp\/v2\/types\/page"}],"author":[{"embeddable":true,"href":"https:\/\/www.cristinaneves.pt\/pt-pt\/wp-json\/wp\/v2\/users\/5"}],"replies":[{"embeddable":true,"href":"https:\/\/www.cristinaneves.pt\/pt-pt\/wp-json\/wp\/v2\/comments?post=2397"}],"version-history":[{"count":10,"href":"https:\/\/www.cristinaneves.pt\/pt-pt\/wp-json\/wp\/v2\/pages\/2397\/revisions"}],"predecessor-version":[{"id":6443,"href":"https:\/\/www.cristinaneves.pt\/pt-pt\/wp-json\/wp\/v2\/pages\/2397\/revisions\/6443"}],"wp:attachment":[{"href":"https:\/\/www.cristinaneves.pt\/pt-pt\/wp-json\/wp\/v2\/media?parent=2397"}],"curies":[{"name":"wp","href":"https:\/\/api.w.org\/{rel}","templated":true}]}}