{"id":2013,"date":"2019-05-10T12:39:11","date_gmt":"2019-05-10T12:39:11","guid":{"rendered":"https:\/\/www.cristinaneves.pt\/?page_id=2013"},"modified":"2024-11-17T17:56:02","modified_gmt":"2024-11-17T17:56:02","slug":"dunas","status":"publish","type":"page","link":"https:\/\/www.cristinaneves.pt\/pt-pt\/dunas\/","title":{"rendered":"Dunas"},"content":{"rendered":"<div class=\"wpb-content-wrapper\">[vc_row id=&#8221;order-row&#8221; el_class=&#8221;order-row&#8221;][vc_column width=&#8221;7\/12&#8243;][mk_image src=&#8221;https:\/\/www.cristinaneves.pt\/wp-content\/uploads\/2019\/05\/tube_photoshoot_01.jpg&#8221; image_size=&#8221;full&#8221;][mk_padding_divider size=&#8221;20&#8243;][mk_image src=&#8221;https:\/\/www.cristinaneves.pt\/wp-content\/uploads\/2019\/05\/tube_photoshoot_03.jpg&#8221; image_size=&#8221;full&#8221;][mk_padding_divider size=&#8221;20&#8243;][mk_image src=&#8221;https:\/\/www.cristinaneves.pt\/wp-content\/uploads\/2019\/05\/tube_photoshoot_05.jpg&#8221; image_size=&#8221;full&#8221;][mk_padding_divider size=&#8221;20&#8243;][mk_image src=&#8221;https:\/\/www.cristinaneves.pt\/wp-content\/uploads\/2019\/05\/tube_photoshoot_07.jpg&#8221; image_size=&#8221;full&#8221;][mk_padding_divider size=&#8221;20&#8243;][mk_image src=&#8221;https:\/\/www.cristinaneves.pt\/wp-content\/uploads\/2019\/05\/tube_photoshoot_10.jpg&#8221; image_size=&#8221;full&#8221;][\/vc_column][vc_column width=&#8221;5\/12&#8243; el_class=&#8221;order-row&#8221;][mk_padding_divider size=&#8221;90&#8243; visibility=&#8221;visible-dt&#8221;][mk_fancy_title tag_name=&#8221;h1&#8243; size=&#8221;38&#8243; force_font_size=&#8221;true&#8221; size_tablet=&#8221;50&#8243; font_weight=&#8221;400&#8243; txt_transform=&#8221;uppercase&#8221; font_family=&#8221;none&#8221; el_class=&#8221;darktitle&#8221;]Dunas[\/mk_fancy_title][vc_column_text css=&#8221;.vc_custom_1731866153164{margin-bottom: 0px !important;}&#8221;]&#8221;Inner Tube&#8221; no sil\u00eancio das dunas. Cole\u00e7\u00e3o desenvolvida com pl\u00e1stico e c\u00e2mara de ar de bicicleta. (2017)<\/p>\n<p>Fotografia | Joana Maria Sousa[\/vc_column_text][mk_padding_divider size=&#8221;20&#8243;][mk_image src=&#8221;https:\/\/www.cristinaneves.pt\/wp-content\/uploads\/2019\/05\/tube_photoshoot_02.jpg&#8221; image_size=&#8221;full&#8221;][mk_padding_divider size=&#8221;20&#8243;][mk_image src=&#8221;https:\/\/www.cristinaneves.pt\/wp-content\/uploads\/2019\/05\/tube_photoshoot_04.jpg&#8221; image_size=&#8221;full&#8221;][mk_padding_divider size=&#8221;20&#8243;][mk_image src=&#8221;https:\/\/www.cristinaneves.pt\/wp-content\/uploads\/2019\/05\/tube_photoshoot_06.jpg&#8221; image_size=&#8221;full&#8221;][mk_padding_divider size=&#8221;20&#8243;][mk_image src=&#8221;https:\/\/www.cristinaneves.pt\/wp-content\/uploads\/2019\/05\/tube_photoshoot_08.jpg&#8221; image_size=&#8221;full&#8221;][mk_padding_divider size=&#8221;20&#8243;][mk_image src=&#8221;https:\/\/www.cristinaneves.pt\/wp-content\/uploads\/2019\/05\/tube_photoshoot_09.jpg&#8221; image_size=&#8221;full&#8221;][mk_padding_divider size=&#8221;20&#8243;][mk_image src=&#8221;https:\/\/www.cristinaneves.pt\/wp-content\/uploads\/2019\/05\/tube_photoshoot_11.jpg&#8221; image_size=&#8221;full&#8221;][\/vc_column][\/vc_row][vc_row][vc_column][mk_padding_divider][mk_padding_divider][\/vc_column][\/vc_row]\n<\/div>","protected":false},"excerpt":{"rendered":"<p>[vc_row id=&#8221;order-row&#8221; el_class=&#8221;order-row&#8221;][vc_column width=&#8221;7\/12&#8243;][mk_image src=&#8221;https:\/\/www.cristinaneves.pt\/wp-content\/uploads\/2019\/05\/tube_photoshoot_01.jpg&#8221; image_size=&#8221;full&#8221;][mk_padding_divider size=&#8221;20&#8243;][mk_image src=&#8221;https:\/\/www.cristinaneves.pt\/wp-content\/uploads\/2019\/05\/tube_photoshoot_03.jpg&#8221; image_size=&#8221;full&#8221;][mk_padding_divider size=&#8221;20&#8243;][mk_image src=&#8221;https:\/\/www.cristinaneves.pt\/wp-content\/uploads\/2019\/05\/tube_photoshoot_05.jpg&#8221; image_size=&#8221;full&#8221;][mk_padding_divider size=&#8221;20&#8243;][mk_image src=&#8221;https:\/\/www.cristinaneves.pt\/wp-content\/uploads\/2019\/05\/tube_photoshoot_07.jpg&#8221; image_size=&#8221;full&#8221;][mk_padding_divider size=&#8221;20&#8243;][mk_image src=&#8221;https:\/\/www.cristinaneves.pt\/wp-content\/uploads\/2019\/05\/tube_photoshoot_10.jpg&#8221; image_size=&#8221;full&#8221;][\/vc_column][vc_column width=&#8221;5\/12&#8243; el_class=&#8221;order-row&#8221;][mk_padding_divider size=&#8221;90&#8243; visibility=&#8221;visible-dt&#8221;][mk_fancy_title tag_name=&#8221;h1&#8243; size=&#8221;38&#8243; force_font_size=&#8221;true&#8221; size_tablet=&#8221;50&#8243; font_weight=&#8221;400&#8243; txt_transform=&#8221;uppercase&#8221; font_family=&#8221;none&#8221; el_class=&#8221;darktitle&#8221;]Dunas[\/mk_fancy_title][vc_column_text css=&#8221;.vc_custom_1731866153164{margin-bottom: 0px !important;}&#8221;]&#8221;Inner Tube&#8221; no sil\u00eancio das dunas. Cole\u00e7\u00e3o desenvolvida com pl\u00e1stico e c\u00e2mara de ar de bicicleta. (2017) Fotografia | Joana Maria Sousa[\/vc_column_text][mk_padding_divider size=&#8221;20&#8243;][mk_image [&hellip;]<\/p>\n","protected":false},"author":5,"featured_media":0,"parent":0,"menu_order":0,"comment_status":"closed","ping_status":"closed","template":"","meta":{"footnotes":""},"class_list":["post-2013","page","type-page","status-publish","hentry"],"yoast_head":"<!-- This site is optimized with the Yoast SEO plugin v27.5 - https:\/\/yoast.com\/product\/yoast-seo-wordpress\/ -->\n<title>Dunas - Cristina Neves<\/title>\n<meta name=\"description\" content=\"Colabora\u00e7\u00e3o com Raquel Mouro e Joana Maria Sousa na c\u00e2mara.\" \/>\n<meta name=\"robots\" content=\"index, follow, max-snippet:-1, max-image-preview:large, max-video-preview:-1\" \/>\n<link rel=\"canonical\" href=\"https:\/\/www.cristinaneves.pt\/pt-pt\/dunas\/\" \/>\n<meta property=\"og:locale\" content=\"pt_PT\" \/>\n<meta property=\"og:type\" content=\"article\" \/>\n<meta property=\"og:title\" content=\"Dunas - Cristina Neves\" \/>\n<meta property=\"og:description\" content=\"Colabora\u00e7\u00e3o com Raquel Mouro e Joana Maria Sousa na c\u00e2mara.\" \/>\n<meta property=\"og:url\" content=\"https:\/\/www.cristinaneves.pt\/pt-pt\/dunas\/\" \/>\n<meta property=\"og:site_name\" content=\"Cristina Neves\" \/>\n<meta property=\"article:modified_time\" content=\"2024-11-17T17:56:02+00:00\" \/>\n<meta name=\"twitter:card\" content=\"summary_large_image\" \/>\n<meta name=\"twitter:label1\" content=\"Tempo estimado de leitura\" \/>\n\t<meta name=\"twitter:data1\" content=\"1 minuto\" \/>\n<script type=\"application\/ld+json\" class=\"yoast-schema-graph\">{\"@context\":\"https:\\\/\\\/schema.org\",\"@graph\":[{\"@type\":\"WebPage\",\"@id\":\"https:\\\/\\\/www.cristinaneves.pt\\\/pt-pt\\\/dunas\\\/\",\"url\":\"https:\\\/\\\/www.cristinaneves.pt\\\/pt-pt\\\/dunas\\\/\",\"name\":\"Dunas - Cristina Neves\",\"isPartOf\":{\"@id\":\"https:\\\/\\\/www.cristinaneves.pt\\\/#website\"},\"datePublished\":\"2019-05-10T12:39:11+00:00\",\"dateModified\":\"2024-11-17T17:56:02+00:00\",\"description\":\"Colabora\u00e7\u00e3o com Raquel Mouro e Joana Maria Sousa na c\u00e2mara.\",\"breadcrumb\":{\"@id\":\"https:\\\/\\\/www.cristinaneves.pt\\\/pt-pt\\\/dunas\\\/#breadcrumb\"},\"inLanguage\":\"pt-PT\",\"potentialAction\":[{\"@type\":\"ReadAction\",\"target\":[\"https:\\\/\\\/www.cristinaneves.pt\\\/pt-pt\\\/dunas\\\/\"]}]},{\"@type\":\"BreadcrumbList\",\"@id\":\"https:\\\/\\\/www.cristinaneves.pt\\\/pt-pt\\\/dunas\\\/#breadcrumb\",\"itemListElement\":[{\"@type\":\"ListItem\",\"position\":1,\"name\":\"Home\",\"item\":\"https:\\\/\\\/www.cristinaneves.pt\\\/pt-pt\\\/\"},{\"@type\":\"ListItem\",\"position\":2,\"name\":\"Dunas\"}]},{\"@type\":\"WebSite\",\"@id\":\"https:\\\/\\\/www.cristinaneves.pt\\\/#website\",\"url\":\"https:\\\/\\\/www.cristinaneves.pt\\\/\",\"name\":\"Cristina Neves\",\"description\":\"Fashion, conceptual and plastic stories\",\"potentialAction\":[{\"@type\":\"SearchAction\",\"target\":{\"@type\":\"EntryPoint\",\"urlTemplate\":\"https:\\\/\\\/www.cristinaneves.pt\\\/?s={search_term_string}\"},\"query-input\":{\"@type\":\"PropertyValueSpecification\",\"valueRequired\":true,\"valueName\":\"search_term_string\"}}],\"inLanguage\":\"pt-PT\"}]}<\/script>\n<!-- \/ Yoast SEO plugin. -->","yoast_head_json":{"title":"Dunas - Cristina Neves","description":"Colabora\u00e7\u00e3o com Raquel Mouro e Joana Maria Sousa na c\u00e2mara.","robots":{"index":"index","follow":"follow","max-snippet":"max-snippet:-1","max-image-preview":"max-image-preview:large","max-video-preview":"max-video-preview:-1"},"canonical":"https:\/\/www.cristinaneves.pt\/pt-pt\/dunas\/","og_locale":"pt_PT","og_type":"article","og_title":"Dunas - Cristina Neves","og_description":"Colabora\u00e7\u00e3o com Raquel Mouro e Joana Maria Sousa na c\u00e2mara.","og_url":"https:\/\/www.cristinaneves.pt\/pt-pt\/dunas\/","og_site_name":"Cristina Neves","article_modified_time":"2024-11-17T17:56:02+00:00","twitter_card":"summary_large_image","twitter_misc":{"Tempo estimado de leitura":"1 minuto"},"schema":{"@context":"https:\/\/schema.org","@graph":[{"@type":"WebPage","@id":"https:\/\/www.cristinaneves.pt\/pt-pt\/dunas\/","url":"https:\/\/www.cristinaneves.pt\/pt-pt\/dunas\/","name":"Dunas - Cristina Neves","isPartOf":{"@id":"https:\/\/www.cristinaneves.pt\/#website"},"datePublished":"2019-05-10T12:39:11+00:00","dateModified":"2024-11-17T17:56:02+00:00","description":"Colabora\u00e7\u00e3o com Raquel Mouro e Joana Maria Sousa na c\u00e2mara.","breadcrumb":{"@id":"https:\/\/www.cristinaneves.pt\/pt-pt\/dunas\/#breadcrumb"},"inLanguage":"pt-PT","potentialAction":[{"@type":"ReadAction","target":["https:\/\/www.cristinaneves.pt\/pt-pt\/dunas\/"]}]},{"@type":"BreadcrumbList","@id":"https:\/\/www.cristinaneves.pt\/pt-pt\/dunas\/#breadcrumb","itemListElement":[{"@type":"ListItem","position":1,"name":"Home","item":"https:\/\/www.cristinaneves.pt\/pt-pt\/"},{"@type":"ListItem","position":2,"name":"Dunas"}]},{"@type":"WebSite","@id":"https:\/\/www.cristinaneves.pt\/#website","url":"https:\/\/www.cristinaneves.pt\/","name":"Cristina Neves","description":"Fashion, conceptual and plastic stories","potentialAction":[{"@type":"SearchAction","target":{"@type":"EntryPoint","urlTemplate":"https:\/\/www.cristinaneves.pt\/?s={search_term_string}"},"query-input":{"@type":"PropertyValueSpecification","valueRequired":true,"valueName":"search_term_string"}}],"inLanguage":"pt-PT"}]}},"_links":{"self":[{"href":"https:\/\/www.cristinaneves.pt\/pt-pt\/wp-json\/wp\/v2\/pages\/2013","targetHints":{"allow":["GET"]}}],"collection":[{"href":"https:\/\/www.cristinaneves.pt\/pt-pt\/wp-json\/wp\/v2\/pages"}],"about":[{"href":"https:\/\/www.cristinaneves.pt\/pt-pt\/wp-json\/wp\/v2\/types\/page"}],"author":[{"embeddable":true,"href":"https:\/\/www.cristinaneves.pt\/pt-pt\/wp-json\/wp\/v2\/users\/5"}],"replies":[{"embeddable":true,"href":"https:\/\/www.cristinaneves.pt\/pt-pt\/wp-json\/wp\/v2\/comments?post=2013"}],"version-history":[{"count":10,"href":"https:\/\/www.cristinaneves.pt\/pt-pt\/wp-json\/wp\/v2\/pages\/2013\/revisions"}],"predecessor-version":[{"id":5549,"href":"https:\/\/www.cristinaneves.pt\/pt-pt\/wp-json\/wp\/v2\/pages\/2013\/revisions\/5549"}],"wp:attachment":[{"href":"https:\/\/www.cristinaneves.pt\/pt-pt\/wp-json\/wp\/v2\/media?parent=2013"}],"curies":[{"name":"wp","href":"https:\/\/api.w.org\/{rel}","templated":true}]}}