{"id":1411,"date":"2018-09-18T14:06:12","date_gmt":"2018-09-18T14:06:12","guid":{"rendered":"http:\/\/www.cristinaneves.pt\/?page_id=1411"},"modified":"2025-08-27T16:23:09","modified_gmt":"2025-08-27T16:23:09","slug":"ninja","status":"publish","type":"page","link":"https:\/\/www.cristinaneves.pt\/pt-pt\/ninja\/","title":{"rendered":"Ninja"},"content":{"rendered":"<div class=\"wpb-content-wrapper\">[vc_row][vc_column][mk_padding_divider size=&#8221;60&#8243; visibility=&#8221;visible-dt&#8221;][mk_padding_divider size=&#8221;60&#8243;][\/vc_column][\/vc_row][vc_row id=&#8221;order-row&#8221; el_class=&#8221;order-row&#8221;][vc_column width=&#8221;7\/12&#8243;][mk_image src=&#8221;https:\/\/www.cristinaneves.pt\/wp-content\/uploads\/2025\/08\/rmf8553.jpg&#8221; image_size=&#8221;full&#8221;][mk_padding_divider size=&#8221;20&#8243;][mk_image src=&#8221;https:\/\/www.cristinaneves.pt\/wp-content\/uploads\/2018\/10\/Ninja_3.jpg&#8221; image_size=&#8221;full&#8221;][mk_padding_divider size=&#8221;20&#8243;][mk_image src=&#8221;https:\/\/www.cristinaneves.pt\/wp-content\/uploads\/2018\/10\/Ninja_5.jpg&#8221; image_size=&#8221;full&#8221;][mk_padding_divider size=&#8221;20&#8243;][mk_image src=&#8221;https:\/\/www.cristinaneves.pt\/wp-content\/uploads\/2018\/10\/Ninja_7.jpg&#8221; image_size=&#8221;full&#8221;][\/vc_column][vc_column width=&#8221;5\/12&#8243; el_class=&#8221;order-row&#8221;][mk_padding_divider size=&#8221;90&#8243; visibility=&#8221;visible-dt&#8221;][mk_fancy_title tag_name=&#8221;h1&#8243; size=&#8221;58&#8243; force_font_size=&#8221;true&#8221; size_tablet=&#8221;50&#8243; font_weight=&#8221;bold&#8221; txt_transform=&#8221;uppercase&#8221; font_family=&#8221;none&#8221; el_class=&#8221;darktitle&#8221;]Ninja[\/mk_fancy_title][vc_column_text css=&#8221;.vc_custom_1731866742657{margin-bottom: 0px !important;}&#8221;]Editorial da Cole\u00e7\u00e3o &#8220;Ninja&#8221; baseado na est\u00e9tica das mulheres ninja, de esp\u00edrito guerreiro e profunda convic\u00e7\u00e3o espiritual. (2016)<\/p>\n<p>Fotografia | Rui Lu\u00eds[\/vc_column_text][mk_padding_divider size=&#8221;20&#8243;][mk_image src=&#8221;https:\/\/www.cristinaneves.pt\/wp-content\/uploads\/2018\/10\/Ninja_2.jpg&#8221; image_size=&#8221;full&#8221;][mk_padding_divider size=&#8221;20&#8243;][mk_image src=&#8221;https:\/\/www.cristinaneves.pt\/wp-content\/uploads\/2018\/10\/Ninja_4.jpg&#8221; image_size=&#8221;full&#8221;][mk_padding_divider size=&#8221;20&#8243;][mk_image src=&#8221;https:\/\/www.cristinaneves.pt\/wp-content\/uploads\/2018\/10\/Ninja_6.jpg&#8221; image_size=&#8221;full&#8221;][mk_padding_divider size=&#8221;20&#8243;][mk_image src=&#8221;https:\/\/www.cristinaneves.pt\/wp-content\/uploads\/2018\/10\/Ninja_8.jpg&#8221; image_size=&#8221;full&#8221;][mk_padding_divider size=&#8221;20&#8243;][mk_image src=&#8221;https:\/\/www.cristinaneves.pt\/wp-content\/uploads\/2018\/10\/Ninja_9.jpg&#8221; image_size=&#8221;full&#8221;][\/vc_column][\/vc_row][vc_row][vc_column][mk_padding_divider size=&#8221;30&#8243; visibility=&#8221;visible-dt&#8221;][mk_padding_divider size=&#8221;30&#8243;][\/vc_column][\/vc_row]\n<\/div>","protected":false},"excerpt":{"rendered":"<p>[vc_row][vc_column][mk_padding_divider size=&#8221;60&#8243; visibility=&#8221;visible-dt&#8221;][mk_padding_divider size=&#8221;60&#8243;][\/vc_column][\/vc_row][vc_row id=&#8221;order-row&#8221; el_class=&#8221;order-row&#8221;][vc_column width=&#8221;7\/12&#8243;][mk_image src=&#8221;https:\/\/www.cristinaneves.pt\/wp-content\/uploads\/2025\/08\/rmf8553.jpg&#8221; image_size=&#8221;full&#8221;][mk_padding_divider size=&#8221;20&#8243;][mk_image src=&#8221;https:\/\/www.cristinaneves.pt\/wp-content\/uploads\/2018\/10\/Ninja_3.jpg&#8221; image_size=&#8221;full&#8221;][mk_padding_divider size=&#8221;20&#8243;][mk_image src=&#8221;https:\/\/www.cristinaneves.pt\/wp-content\/uploads\/2018\/10\/Ninja_5.jpg&#8221; image_size=&#8221;full&#8221;][mk_padding_divider size=&#8221;20&#8243;][mk_image src=&#8221;https:\/\/www.cristinaneves.pt\/wp-content\/uploads\/2018\/10\/Ninja_7.jpg&#8221; image_size=&#8221;full&#8221;][\/vc_column][vc_column width=&#8221;5\/12&#8243; el_class=&#8221;order-row&#8221;][mk_padding_divider size=&#8221;90&#8243; visibility=&#8221;visible-dt&#8221;][mk_fancy_title tag_name=&#8221;h1&#8243; size=&#8221;58&#8243; force_font_size=&#8221;true&#8221; size_tablet=&#8221;50&#8243; font_weight=&#8221;bold&#8221; txt_transform=&#8221;uppercase&#8221; font_family=&#8221;none&#8221; el_class=&#8221;darktitle&#8221;]Ninja[\/mk_fancy_title][vc_column_text css=&#8221;.vc_custom_1731866742657{margin-bottom: 0px !important;}&#8221;]Editorial da Cole\u00e7\u00e3o &#8220;Ninja&#8221; baseado na est\u00e9tica das mulheres ninja, de esp\u00edrito guerreiro e profunda convic\u00e7\u00e3o espiritual. (2016) Fotografia | Rui Lu\u00eds[\/vc_column_text][mk_padding_divider size=&#8221;20&#8243;][mk_image [&hellip;]<\/p>\n","protected":false},"author":1,"featured_media":0,"parent":0,"menu_order":0,"comment_status":"closed","ping_status":"closed","template":"","meta":{"footnotes":""},"class_list":["post-1411","page","type-page","status-publish","hentry"],"yoast_head":"<!-- This site is optimized with the Yoast SEO plugin v27.6 - https:\/\/yoast.com\/product\/yoast-seo-wordpress\/ -->\n<title>Ninja - Cristina Neves<\/title>\n<meta name=\"description\" content=\"Capsule collection based on the aesthetics of female ninjas with warrior spirit and deep spiritual conviction. (2016)\" \/>\n<meta name=\"robots\" content=\"index, follow, max-snippet:-1, max-image-preview:large, max-video-preview:-1\" \/>\n<link rel=\"canonical\" href=\"https:\/\/www.cristinaneves.pt\/pt-pt\/ninja\/\" \/>\n<meta property=\"og:locale\" content=\"pt_PT\" \/>\n<meta property=\"og:type\" content=\"article\" \/>\n<meta property=\"og:title\" content=\"Ninja - Cristina Neves\" \/>\n<meta property=\"og:description\" content=\"Capsule collection based on the aesthetics of female ninjas with warrior spirit and deep spiritual conviction. (2016)\" \/>\n<meta property=\"og:url\" content=\"https:\/\/www.cristinaneves.pt\/pt-pt\/ninja\/\" \/>\n<meta property=\"og:site_name\" content=\"Cristina Neves\" \/>\n<meta property=\"article:modified_time\" content=\"2025-08-27T16:23:09+00:00\" \/>\n<meta name=\"twitter:card\" content=\"summary_large_image\" \/>\n<meta name=\"twitter:label1\" content=\"Tempo estimado de leitura\" \/>\n\t<meta name=\"twitter:data1\" content=\"1 minuto\" \/>\n<script type=\"application\/ld+json\" class=\"yoast-schema-graph\">{\"@context\":\"https:\\\/\\\/schema.org\",\"@graph\":[{\"@type\":\"WebPage\",\"@id\":\"https:\\\/\\\/www.cristinaneves.pt\\\/pt-pt\\\/ninja\\\/\",\"url\":\"https:\\\/\\\/www.cristinaneves.pt\\\/pt-pt\\\/ninja\\\/\",\"name\":\"Ninja - Cristina Neves\",\"isPartOf\":{\"@id\":\"https:\\\/\\\/www.cristinaneves.pt\\\/#website\"},\"datePublished\":\"2018-09-18T14:06:12+00:00\",\"dateModified\":\"2025-08-27T16:23:09+00:00\",\"description\":\"Capsule collection based on the aesthetics of female ninjas with warrior spirit and deep spiritual conviction. (2016)\",\"breadcrumb\":{\"@id\":\"https:\\\/\\\/www.cristinaneves.pt\\\/pt-pt\\\/ninja\\\/#breadcrumb\"},\"inLanguage\":\"pt-PT\",\"potentialAction\":[{\"@type\":\"ReadAction\",\"target\":[\"https:\\\/\\\/www.cristinaneves.pt\\\/pt-pt\\\/ninja\\\/\"]}]},{\"@type\":\"BreadcrumbList\",\"@id\":\"https:\\\/\\\/www.cristinaneves.pt\\\/pt-pt\\\/ninja\\\/#breadcrumb\",\"itemListElement\":[{\"@type\":\"ListItem\",\"position\":1,\"name\":\"Home\",\"item\":\"https:\\\/\\\/www.cristinaneves.pt\\\/pt-pt\\\/\"},{\"@type\":\"ListItem\",\"position\":2,\"name\":\"Ninja\"}]},{\"@type\":\"WebSite\",\"@id\":\"https:\\\/\\\/www.cristinaneves.pt\\\/#website\",\"url\":\"https:\\\/\\\/www.cristinaneves.pt\\\/\",\"name\":\"Cristina Neves\",\"description\":\"Fashion, conceptual and plastic stories\",\"potentialAction\":[{\"@type\":\"SearchAction\",\"target\":{\"@type\":\"EntryPoint\",\"urlTemplate\":\"https:\\\/\\\/www.cristinaneves.pt\\\/?s={search_term_string}\"},\"query-input\":{\"@type\":\"PropertyValueSpecification\",\"valueRequired\":true,\"valueName\":\"search_term_string\"}}],\"inLanguage\":\"pt-PT\"}]}<\/script>\n<!-- \/ Yoast SEO plugin. -->","yoast_head_json":{"title":"Ninja - Cristina Neves","description":"Capsule collection based on the aesthetics of female ninjas with warrior spirit and deep spiritual conviction. (2016)","robots":{"index":"index","follow":"follow","max-snippet":"max-snippet:-1","max-image-preview":"max-image-preview:large","max-video-preview":"max-video-preview:-1"},"canonical":"https:\/\/www.cristinaneves.pt\/pt-pt\/ninja\/","og_locale":"pt_PT","og_type":"article","og_title":"Ninja - Cristina Neves","og_description":"Capsule collection based on the aesthetics of female ninjas with warrior spirit and deep spiritual conviction. (2016)","og_url":"https:\/\/www.cristinaneves.pt\/pt-pt\/ninja\/","og_site_name":"Cristina Neves","article_modified_time":"2025-08-27T16:23:09+00:00","twitter_card":"summary_large_image","twitter_misc":{"Tempo estimado de leitura":"1 minuto"},"schema":{"@context":"https:\/\/schema.org","@graph":[{"@type":"WebPage","@id":"https:\/\/www.cristinaneves.pt\/pt-pt\/ninja\/","url":"https:\/\/www.cristinaneves.pt\/pt-pt\/ninja\/","name":"Ninja - Cristina Neves","isPartOf":{"@id":"https:\/\/www.cristinaneves.pt\/#website"},"datePublished":"2018-09-18T14:06:12+00:00","dateModified":"2025-08-27T16:23:09+00:00","description":"Capsule collection based on the aesthetics of female ninjas with warrior spirit and deep spiritual conviction. (2016)","breadcrumb":{"@id":"https:\/\/www.cristinaneves.pt\/pt-pt\/ninja\/#breadcrumb"},"inLanguage":"pt-PT","potentialAction":[{"@type":"ReadAction","target":["https:\/\/www.cristinaneves.pt\/pt-pt\/ninja\/"]}]},{"@type":"BreadcrumbList","@id":"https:\/\/www.cristinaneves.pt\/pt-pt\/ninja\/#breadcrumb","itemListElement":[{"@type":"ListItem","position":1,"name":"Home","item":"https:\/\/www.cristinaneves.pt\/pt-pt\/"},{"@type":"ListItem","position":2,"name":"Ninja"}]},{"@type":"WebSite","@id":"https:\/\/www.cristinaneves.pt\/#website","url":"https:\/\/www.cristinaneves.pt\/","name":"Cristina Neves","description":"Fashion, conceptual and plastic stories","potentialAction":[{"@type":"SearchAction","target":{"@type":"EntryPoint","urlTemplate":"https:\/\/www.cristinaneves.pt\/?s={search_term_string}"},"query-input":{"@type":"PropertyValueSpecification","valueRequired":true,"valueName":"search_term_string"}}],"inLanguage":"pt-PT"}]}},"_links":{"self":[{"href":"https:\/\/www.cristinaneves.pt\/pt-pt\/wp-json\/wp\/v2\/pages\/1411","targetHints":{"allow":["GET"]}}],"collection":[{"href":"https:\/\/www.cristinaneves.pt\/pt-pt\/wp-json\/wp\/v2\/pages"}],"about":[{"href":"https:\/\/www.cristinaneves.pt\/pt-pt\/wp-json\/wp\/v2\/types\/page"}],"author":[{"embeddable":true,"href":"https:\/\/www.cristinaneves.pt\/pt-pt\/wp-json\/wp\/v2\/users\/1"}],"replies":[{"embeddable":true,"href":"https:\/\/www.cristinaneves.pt\/pt-pt\/wp-json\/wp\/v2\/comments?post=1411"}],"version-history":[{"count":10,"href":"https:\/\/www.cristinaneves.pt\/pt-pt\/wp-json\/wp\/v2\/pages\/1411\/revisions"}],"predecessor-version":[{"id":6441,"href":"https:\/\/www.cristinaneves.pt\/pt-pt\/wp-json\/wp\/v2\/pages\/1411\/revisions\/6441"}],"wp:attachment":[{"href":"https:\/\/www.cristinaneves.pt\/pt-pt\/wp-json\/wp\/v2\/media?parent=1411"}],"curies":[{"name":"wp","href":"https:\/\/api.w.org\/{rel}","templated":true}]}}