{"id":1395,"date":"2018-02-08T07:44:16","date_gmt":"2018-02-08T07:44:16","guid":{"rendered":"http:\/\/www.cristinaneves.pt\/?page_id=1395"},"modified":"2025-08-25T22:25:43","modified_gmt":"2025-08-25T22:25:43","slug":"sobre","status":"publish","type":"page","link":"https:\/\/www.cristinaneves.pt\/pt-pt\/sobre\/","title":{"rendered":"Sobre"},"content":{"rendered":"<div class=\"wpb-content-wrapper\">[vc_row][vc_column][mk_padding_divider size=&#8221;60&#8243; visibility=&#8221;visible-dt&#8221;][mk_padding_divider size=&#8221;60&#8243;][\/vc_column][\/vc_row][vc_row][vc_column width=&#8221;4\/12&#8243;][mk_image src=&#8221;https:\/\/www.cristinaneves.pt\/wp-content\/uploads\/2025\/08\/001.jpg&#8221; image_size=&#8221;full&#8221; align=&#8221;center&#8221; animation=&#8221;top-to-bottom&#8221;][\/vc_column][vc_column width=&#8221;8\/12&#8243;][vc_row_inner][vc_column_inner][mk_padding_divider size=&#8221;30&#8243; visibility=&#8221;visible-dt&#8221;][mk_fancy_title tag_name=&#8221;h1&#8243; color=&#8221;#ffffff&#8221; size=&#8221;58&#8243; font_weight=&#8221;bold&#8221; txt_transform=&#8221;uppercase&#8221; font_family=&#8221;Love+Ya+Like+A+Sister&#8221; font_type=&#8221;google&#8221; el_class=&#8221;darktitle single-line-mobile&#8221;]Cristina Neves[\/mk_fancy_title][mk_padding_divider size=&#8221;30&#8243; visibility=&#8221;hidden-sm&#8221;][\/vc_column_inner][\/vc_row_inner][vc_row_inner][vc_column_inner][vc_column_text css=&#8221;.vc_custom_1756160739771{margin-bottom: 0px !important;}&#8221;]\n<div class=\"_2cuy _3dgx _2vxa\">Cristina Neves \u00e9 designer de moda experimental, com especial interesse em linhas artesanais de inspira\u00e7\u00e3o japonesa.<\/div>\n<div>Desde cedo ela percebeu a moda n\u00e3o apenas como roupa, mas como uma linguagem: uma forma de comunicar a identidade, a cultura e a vis\u00e3o do futuro.<\/div>\n<div>Desenvolve uma cole\u00e7\u00e3o de Kimonos baseada no movimento &#8220;slow fashion&#8221; com tecidos de deadstock &#8211; promovendo a sustentabilidade, \u00e9tica e criando pe\u00e7as \u00fanicas de alta qualidade, valorizando a forma como s\u00e3o produzidas e aliando a tradi\u00e7\u00e3o \u00e0 contemporaneidade.<\/div>\n<div><\/div>\n<div class=\"_2cuy _3dgx _2vxa\">Com um background assente nas artes pl\u00e1sticas, a sua vis\u00e3o da moda \u00e9 art\u00edstica, conceptual e alinhada com as for\u00e7as da natureza. O seu conceito \u00e9 a arte vest\u00edvel, com uma estreita rela\u00e7\u00e3o entre as ra\u00edzes ancestrais, o minimalismo e a inova\u00e7\u00e3o. \u00c9 um processo que desafia os c\u00f3digos estabelecidos do que representa o corpo da moda. Os cortes arquitet\u00f3nicos revelam a sua vis\u00e3o de volumetria aliados a um misticismo inerente, explorando a rela\u00e7\u00e3o entre o design e o artista perform\u00e1tico.<\/div>\n<div><\/div>\n<div class=\"_2cuy _3dgx _2vxa\">O conceito avant-garde questiona a forma como as pessoas percebem e usam as roupas. Uma no\u00e7\u00e3o de vanguarda significa mover-se, pensar e criar al\u00e9m das normas sociais estabelecidas.<\/div>\n[\/vc_column_text][\/vc_column_inner][\/vc_row_inner][\/vc_column][\/vc_row][vc_row][vc_column][mk_padding_divider size=&#8221;30&#8243; visibility=&#8221;visible-dt&#8221;][mk_padding_divider size=&#8221;30&#8243;][\/vc_column][\/vc_row]\n<\/div>","protected":false},"excerpt":{"rendered":"<p>[vc_row][vc_column][mk_padding_divider size=&#8221;60&#8243; visibility=&#8221;visible-dt&#8221;][mk_padding_divider size=&#8221;60&#8243;][\/vc_column][\/vc_row][vc_row][vc_column width=&#8221;4\/12&#8243;][mk_image src=&#8221;https:\/\/www.cristinaneves.pt\/wp-content\/uploads\/2025\/08\/001.jpg&#8221; image_size=&#8221;full&#8221; align=&#8221;center&#8221; animation=&#8221;top-to-bottom&#8221;][\/vc_column][vc_column width=&#8221;8\/12&#8243;][vc_row_inner][vc_column_inner][mk_padding_divider size=&#8221;30&#8243; visibility=&#8221;visible-dt&#8221;][mk_fancy_title tag_name=&#8221;h1&#8243; color=&#8221;#ffffff&#8221; size=&#8221;58&#8243; font_weight=&#8221;bold&#8221; txt_transform=&#8221;uppercase&#8221; font_family=&#8221;Love+Ya+Like+A+Sister&#8221; font_type=&#8221;google&#8221; el_class=&#8221;darktitle single-line-mobile&#8221;]Cristina Neves[\/mk_fancy_title][mk_padding_divider size=&#8221;30&#8243; visibility=&#8221;hidden-sm&#8221;][\/vc_column_inner][\/vc_row_inner][vc_row_inner][vc_column_inner][vc_column_text css=&#8221;.vc_custom_1756160739771{margin-bottom: 0px !important;}&#8221;] Cristina Neves \u00e9 designer de moda experimental, com especial interesse em linhas artesanais de inspira\u00e7\u00e3o japonesa. Desde cedo ela percebeu a moda n\u00e3o apenas como roupa, mas como [&hellip;]<\/p>\n","protected":false},"author":1,"featured_media":0,"parent":0,"menu_order":0,"comment_status":"closed","ping_status":"closed","template":"","meta":{"footnotes":""},"class_list":["post-1395","page","type-page","status-publish","hentry"],"yoast_head":"<!-- This site is optimized with the Yoast SEO plugin v27.4 - https:\/\/yoast.com\/product\/yoast-seo-wordpress\/ -->\n<title>Sobre - Cristina Neves<\/title>\n<meta name=\"description\" content=\"Cristina Neves ambiciona criar atrav\u00e9s da moda, hist\u00f3rias conceptuais e pl\u00e1sticas que perdurem no tempo e no espa\u00e7o.\" \/>\n<meta name=\"robots\" content=\"index, follow, max-snippet:-1, max-image-preview:large, max-video-preview:-1\" \/>\n<link rel=\"canonical\" href=\"https:\/\/www.cristinaneves.pt\/pt-pt\/sobre\/\" \/>\n<meta property=\"og:locale\" content=\"pt_PT\" \/>\n<meta property=\"og:type\" content=\"article\" \/>\n<meta property=\"og:title\" content=\"Sobre - Cristina Neves\" \/>\n<meta property=\"og:description\" content=\"Cristina Neves ambiciona criar atrav\u00e9s da moda, hist\u00f3rias conceptuais e pl\u00e1sticas que perdurem no tempo e no espa\u00e7o.\" \/>\n<meta property=\"og:url\" content=\"https:\/\/www.cristinaneves.pt\/pt-pt\/sobre\/\" \/>\n<meta property=\"og:site_name\" content=\"Cristina Neves\" \/>\n<meta property=\"article:modified_time\" content=\"2025-08-25T22:25:43+00:00\" \/>\n<meta name=\"twitter:card\" content=\"summary_large_image\" \/>\n<meta name=\"twitter:label1\" content=\"Tempo estimado de leitura\" \/>\n\t<meta name=\"twitter:data1\" content=\"1 minuto\" \/>\n<script type=\"application\/ld+json\" class=\"yoast-schema-graph\">{\"@context\":\"https:\\\/\\\/schema.org\",\"@graph\":[{\"@type\":\"WebPage\",\"@id\":\"https:\\\/\\\/www.cristinaneves.pt\\\/pt-pt\\\/sobre\\\/\",\"url\":\"https:\\\/\\\/www.cristinaneves.pt\\\/pt-pt\\\/sobre\\\/\",\"name\":\"Sobre - Cristina Neves\",\"isPartOf\":{\"@id\":\"https:\\\/\\\/www.cristinaneves.pt\\\/#website\"},\"datePublished\":\"2018-02-08T07:44:16+00:00\",\"dateModified\":\"2025-08-25T22:25:43+00:00\",\"description\":\"Cristina Neves ambiciona criar atrav\u00e9s da moda, hist\u00f3rias conceptuais e pl\u00e1sticas que perdurem no tempo e no espa\u00e7o.\",\"breadcrumb\":{\"@id\":\"https:\\\/\\\/www.cristinaneves.pt\\\/pt-pt\\\/sobre\\\/#breadcrumb\"},\"inLanguage\":\"pt-PT\",\"potentialAction\":[{\"@type\":\"ReadAction\",\"target\":[\"https:\\\/\\\/www.cristinaneves.pt\\\/pt-pt\\\/sobre\\\/\"]}]},{\"@type\":\"BreadcrumbList\",\"@id\":\"https:\\\/\\\/www.cristinaneves.pt\\\/pt-pt\\\/sobre\\\/#breadcrumb\",\"itemListElement\":[{\"@type\":\"ListItem\",\"position\":1,\"name\":\"Home\",\"item\":\"https:\\\/\\\/www.cristinaneves.pt\\\/pt-pt\\\/\"},{\"@type\":\"ListItem\",\"position\":2,\"name\":\"Sobre\"}]},{\"@type\":\"WebSite\",\"@id\":\"https:\\\/\\\/www.cristinaneves.pt\\\/#website\",\"url\":\"https:\\\/\\\/www.cristinaneves.pt\\\/\",\"name\":\"Cristina Neves\",\"description\":\"Fashion, conceptual and plastic stories\",\"potentialAction\":[{\"@type\":\"SearchAction\",\"target\":{\"@type\":\"EntryPoint\",\"urlTemplate\":\"https:\\\/\\\/www.cristinaneves.pt\\\/?s={search_term_string}\"},\"query-input\":{\"@type\":\"PropertyValueSpecification\",\"valueRequired\":true,\"valueName\":\"search_term_string\"}}],\"inLanguage\":\"pt-PT\"}]}<\/script>\n<!-- \/ Yoast SEO plugin. -->","yoast_head_json":{"title":"Sobre - Cristina Neves","description":"Cristina Neves ambiciona criar atrav\u00e9s da moda, hist\u00f3rias conceptuais e pl\u00e1sticas que perdurem no tempo e no espa\u00e7o.","robots":{"index":"index","follow":"follow","max-snippet":"max-snippet:-1","max-image-preview":"max-image-preview:large","max-video-preview":"max-video-preview:-1"},"canonical":"https:\/\/www.cristinaneves.pt\/pt-pt\/sobre\/","og_locale":"pt_PT","og_type":"article","og_title":"Sobre - Cristina Neves","og_description":"Cristina Neves ambiciona criar atrav\u00e9s da moda, hist\u00f3rias conceptuais e pl\u00e1sticas que perdurem no tempo e no espa\u00e7o.","og_url":"https:\/\/www.cristinaneves.pt\/pt-pt\/sobre\/","og_site_name":"Cristina Neves","article_modified_time":"2025-08-25T22:25:43+00:00","twitter_card":"summary_large_image","twitter_misc":{"Tempo estimado de leitura":"1 minuto"},"schema":{"@context":"https:\/\/schema.org","@graph":[{"@type":"WebPage","@id":"https:\/\/www.cristinaneves.pt\/pt-pt\/sobre\/","url":"https:\/\/www.cristinaneves.pt\/pt-pt\/sobre\/","name":"Sobre - Cristina Neves","isPartOf":{"@id":"https:\/\/www.cristinaneves.pt\/#website"},"datePublished":"2018-02-08T07:44:16+00:00","dateModified":"2025-08-25T22:25:43+00:00","description":"Cristina Neves ambiciona criar atrav\u00e9s da moda, hist\u00f3rias conceptuais e pl\u00e1sticas que perdurem no tempo e no espa\u00e7o.","breadcrumb":{"@id":"https:\/\/www.cristinaneves.pt\/pt-pt\/sobre\/#breadcrumb"},"inLanguage":"pt-PT","potentialAction":[{"@type":"ReadAction","target":["https:\/\/www.cristinaneves.pt\/pt-pt\/sobre\/"]}]},{"@type":"BreadcrumbList","@id":"https:\/\/www.cristinaneves.pt\/pt-pt\/sobre\/#breadcrumb","itemListElement":[{"@type":"ListItem","position":1,"name":"Home","item":"https:\/\/www.cristinaneves.pt\/pt-pt\/"},{"@type":"ListItem","position":2,"name":"Sobre"}]},{"@type":"WebSite","@id":"https:\/\/www.cristinaneves.pt\/#website","url":"https:\/\/www.cristinaneves.pt\/","name":"Cristina Neves","description":"Fashion, conceptual and plastic stories","potentialAction":[{"@type":"SearchAction","target":{"@type":"EntryPoint","urlTemplate":"https:\/\/www.cristinaneves.pt\/?s={search_term_string}"},"query-input":{"@type":"PropertyValueSpecification","valueRequired":true,"valueName":"search_term_string"}}],"inLanguage":"pt-PT"}]}},"_links":{"self":[{"href":"https:\/\/www.cristinaneves.pt\/pt-pt\/wp-json\/wp\/v2\/pages\/1395","targetHints":{"allow":["GET"]}}],"collection":[{"href":"https:\/\/www.cristinaneves.pt\/pt-pt\/wp-json\/wp\/v2\/pages"}],"about":[{"href":"https:\/\/www.cristinaneves.pt\/pt-pt\/wp-json\/wp\/v2\/types\/page"}],"author":[{"embeddable":true,"href":"https:\/\/www.cristinaneves.pt\/pt-pt\/wp-json\/wp\/v2\/users\/1"}],"replies":[{"embeddable":true,"href":"https:\/\/www.cristinaneves.pt\/pt-pt\/wp-json\/wp\/v2\/comments?post=1395"}],"version-history":[{"count":10,"href":"https:\/\/www.cristinaneves.pt\/pt-pt\/wp-json\/wp\/v2\/pages\/1395\/revisions"}],"predecessor-version":[{"id":6394,"href":"https:\/\/www.cristinaneves.pt\/pt-pt\/wp-json\/wp\/v2\/pages\/1395\/revisions\/6394"}],"wp:attachment":[{"href":"https:\/\/www.cristinaneves.pt\/pt-pt\/wp-json\/wp\/v2\/media?parent=1395"}],"curies":[{"name":"wp","href":"https:\/\/api.w.org\/{rel}","templated":true}]}}